{"id":18236,"date":"2024-02-01T12:14:43","date_gmt":"2024-02-01T12:14:43","guid":{"rendered":"https:\/\/digitaltarget.com.tr\/?post_type=product&#038;p=18236"},"modified":"2025-05-05T11:55:08","modified_gmt":"2025-05-05T11:55:08","slug":"hobbywing-skywalker-60a-esc-speed-controller-with-ubec","status":"publish","type":"product","link":"https:\/\/digitaltarget.com.tr\/en\/product\/hobbywing-skywalker-60a-esc-speed-controller-with-ubec\/","title":{"rendered":"Hobbywing Skywalker 60A ESC Speed Controller with UBEC"},"content":{"rendered":"<p>&nbsp;<\/p>\n<table border=\"1\">\n<tbody>\n<tr>\n<th>Product Name<\/th>\n<td>SkyWalker 60A UBEC<\/td>\n<\/tr>\n<tr>\n<th>Product Number<\/th>\n<td><\/td>\n<\/tr>\n<tr>\n<th>Support<\/th>\n<td>Brushed\/brushless<\/td>\n<\/tr>\n<tr>\n<th>BL<\/th>\n<td>High Voltage\/Normal<\/td>\n<\/tr>\n<tr>\n<th>Regular<\/th>\n<td><\/td>\n<\/tr>\n<tr>\n<th>Features<\/th>\n<td>Continuous\/Peak Current 60A\/80A<\/td>\n<\/tr>\n<tr>\n<th>Introduction<\/th>\n<td>3-6S Lipo<\/td>\n<\/tr>\n<tr>\n<th>BEC Output<\/th>\n<td>Switch Mode: 5V, 7A<\/td>\n<\/tr>\n<tr>\n<th>Wires and Connectors<\/th>\n<td><\/td>\n<\/tr>\n<tr>\n<th>Input Cables<\/th>\n<td class=\" translation-block\">Red-14AWG-100mm*1<br>Black-14AWG-100mm*1<\/td>\n<\/tr>\n<tr>\n<th>Output Cables<\/th>\n<td>Black-14AWG-100mm*3<\/td>\n<\/tr>\n<tr>\n<th>Input Connectors<\/th>\n<td>NO<\/td>\n<\/tr>\n<tr>\n<th>Output Connectors<\/th>\n<td>NO<\/td>\n<\/tr>\n<\/tbody>\n<\/table>\n<p>&nbsp;<\/p>","protected":false},"excerpt":{"rendered":"<p>&nbsp; \u00dcr\u00fcn Ad\u0131 SkyWalker 60A UBEC \u00dcr\u00fcn Numaras\u0131 Tip F\u0131r\u00e7al\u0131\/F\u0131r\u00e7as\u0131z BL Y\u00fcksek Gerilim\/Normal D\u00fczenli \u00d6zellikler S\u00fcrekli\/Tepe Ak\u0131m\u0131 60A\/80A Giri\u015f 3-6S<\/p>","protected":false},"featured_media":18237,"comment_status":"open","ping_status":"closed","template":"","meta":{"_monsterinsights_skip_tracking":false,"_monsterinsights_sitenote_active":false,"_monsterinsights_sitenote_note":"","_monsterinsights_sitenote_category":0},"product_cat":[444],"product_tag":[],"aioseo_notices":[],"jetpack_sharing_enabled":true,"_links":{"self":[{"href":"https:\/\/digitaltarget.com.tr\/en\/wp-json\/wp\/v2\/product\/18236"}],"collection":[{"href":"https:\/\/digitaltarget.com.tr\/en\/wp-json\/wp\/v2\/product"}],"about":[{"href":"https:\/\/digitaltarget.com.tr\/en\/wp-json\/wp\/v2\/types\/product"}],"replies":[{"embeddable":true,"href":"https:\/\/digitaltarget.com.tr\/en\/wp-json\/wp\/v2\/comments?post=18236"}],"version-history":[{"count":4,"href":"https:\/\/digitaltarget.com.tr\/en\/wp-json\/wp\/v2\/product\/18236\/revisions"}],"predecessor-version":[{"id":18888,"href":"https:\/\/digitaltarget.com.tr\/en\/wp-json\/wp\/v2\/product\/18236\/revisions\/18888"}],"wp:featuredmedia":[{"embeddable":true,"href":"https:\/\/digitaltarget.com.tr\/en\/wp-json\/wp\/v2\/media\/18237"}],"wp:attachment":[{"href":"https:\/\/digitaltarget.com.tr\/en\/wp-json\/wp\/v2\/media?parent=18236"}],"wp:term":[{"taxonomy":"product_cat","embeddable":true,"href":"https:\/\/digitaltarget.com.tr\/en\/wp-json\/wp\/v2\/product_cat?post=18236"},{"taxonomy":"product_tag","embeddable":true,"href":"https:\/\/digitaltarget.com.tr\/en\/wp-json\/wp\/v2\/product_tag?post=18236"}],"curies":[{"name":"wp","href":"https:\/\/api.w.org\/{rel}","templated":true}]}}