{"id":18298,"date":"2024-03-20T01:08:45","date_gmt":"2024-03-20T01:08:45","guid":{"rendered":"https:\/\/digitaltarget.com.tr\/?post_type=product&#038;p=18298"},"modified":"2024-08-01T13:10:50","modified_gmt":"2024-08-01T13:10:50","slug":"freestyle-fpv-racing-drone-kit-with-3d-printed-parts","status":"publish","type":"product","link":"https:\/\/digitaltarget.com.tr\/en\/product\/freestyle-fpv-racing-drone-kit-with-3d-printed-parts\/","title":{"rendered":"Freestyle FPV Racing Drone Kit with 3D Printed Parts"},"content":{"rendered":"<p class=\" translation-block\">Name: Mark4-9 inch 295mm;<br>Propeller: 9 inch;<br>Weight: 121g;<br>Distance between motors: 295MM;<br>Size: 193223MM;<br>Arms plate: 5MM;<br>Top plate: 2.5MM;<br>Bottom plate: 2.5MM;<br>Side plate: 2.5MM;<br>Camera mount size: 1919mm;<\/p>\n<p class=\" translation-block\">Recommended configuration: (not included)<br>Flight Controller: RF\/Kiss\/F3\/F4\/F7;<br>Engines: 2305\/2306\/2407\/2408\/2507;<br>ESC: 40A-60A;<br>Propeller: 7 inch;<br>Battery: 4S 1800mAh-6S 2200mAh;<\/p>","protected":false},"excerpt":{"rendered":"<p>Ad\u0131: Mark4&#8211;9 in\u00e7 295mm; Pervane: 9 in\u00e7; A\u011f\u0131rl\u0131k: 121g; Motorlar aras\u0131 mesafe: 295MM; Boyut: 193223MM; Kollar plakas\u0131: 5MM; \u00dcst plaka:<\/p>","protected":false},"featured_media":18299,"comment_status":"open","ping_status":"closed","template":"","meta":{"_monsterinsights_skip_tracking":false,"_monsterinsights_sitenote_active":false,"_monsterinsights_sitenote_note":"","_monsterinsights_sitenote_category":0},"product_cat":[431,349],"product_tag":[],"aioseo_notices":[],"jetpack_sharing_enabled":true,"_links":{"self":[{"href":"https:\/\/digitaltarget.com.tr\/en\/wp-json\/wp\/v2\/product\/18298"}],"collection":[{"href":"https:\/\/digitaltarget.com.tr\/en\/wp-json\/wp\/v2\/product"}],"about":[{"href":"https:\/\/digitaltarget.com.tr\/en\/wp-json\/wp\/v2\/types\/product"}],"replies":[{"embeddable":true,"href":"https:\/\/digitaltarget.com.tr\/en\/wp-json\/wp\/v2\/comments?post=18298"}],"version-history":[{"count":4,"href":"https:\/\/digitaltarget.com.tr\/en\/wp-json\/wp\/v2\/product\/18298\/revisions"}],"predecessor-version":[{"id":19093,"href":"https:\/\/digitaltarget.com.tr\/en\/wp-json\/wp\/v2\/product\/18298\/revisions\/19093"}],"wp:featuredmedia":[{"embeddable":true,"href":"https:\/\/digitaltarget.com.tr\/en\/wp-json\/wp\/v2\/media\/18299"}],"wp:attachment":[{"href":"https:\/\/digitaltarget.com.tr\/en\/wp-json\/wp\/v2\/media?parent=18298"}],"wp:term":[{"taxonomy":"product_cat","embeddable":true,"href":"https:\/\/digitaltarget.com.tr\/en\/wp-json\/wp\/v2\/product_cat?post=18298"},{"taxonomy":"product_tag","embeddable":true,"href":"https:\/\/digitaltarget.com.tr\/en\/wp-json\/wp\/v2\/product_tag?post=18298"}],"curies":[{"name":"wp","href":"https:\/\/api.w.org\/{rel}","templated":true}]}}