{"id":18303,"date":"2024-03-20T08:35:31","date_gmt":"2024-03-20T08:35:31","guid":{"rendered":"https:\/\/digitaltarget.com.tr\/?post_type=product&#038;p=18303"},"modified":"2024-09-23T08:37:14","modified_gmt":"2024-09-23T08:37:14","slug":"mark-4-7inch-carbon-fiber-quadcopter-frame","status":"publish","type":"product","link":"https:\/\/digitaltarget.com.tr\/en\/product\/mark-4-7inch-carbon-fiber-quadcopter-frame\/","title":{"rendered":"Mark 4 7 inch Carbon Fiber Quadcopter Frame"},"content":{"rendered":"<p class=\"\u201cdetail-desc-decorate-content\u201d translation-block\">Name: Mark4-7 inch 295mm;<br>Propeller: 7 inches;<br>Weight: 121g;<br>Motor to motor: 295MM;<br>Size: 193*223MM;<br>Arm plate: 5MM;<br>Top plate: 2.5MM;<br>Bottom plate: 2.5MM;<br>Side plate: 2.5MM;<br>Camera mount size: 19*19mm;<\/p>\n<p class=\" translation-block\">Recommended configuration: (not included)<br>Flight Controller: RF\/Kiss\/F3\/F4\/F7;<br>Motors 2305\/2306\/2407\/2408\/2507;<br>ESC: 40A-60A;<br>Propeller: 7 inch;<br>Battery: 4S 1800mAh-6s 2200mAh;<\/p>","protected":false},"excerpt":{"rendered":"<p>\u0130sim: Mark4&#8211;7 in\u00e7 295mm; Pervane: 7 in\u00e7; A\u011f\u0131rl\u0131k: 121g; Motordan motora: 295MM; Boyut: 193*223MM; Kol plakas\u0131: 5MM; \u00dcst plaka: 2.5MM;<\/p>","protected":false},"featured_media":18304,"comment_status":"open","ping_status":"closed","template":"","meta":{"_monsterinsights_skip_tracking":false,"_monsterinsights_sitenote_active":false,"_monsterinsights_sitenote_note":"","_monsterinsights_sitenote_category":0},"product_cat":[431,349],"product_tag":[],"aioseo_notices":[],"jetpack_sharing_enabled":true,"_links":{"self":[{"href":"https:\/\/digitaltarget.com.tr\/en\/wp-json\/wp\/v2\/product\/18303"}],"collection":[{"href":"https:\/\/digitaltarget.com.tr\/en\/wp-json\/wp\/v2\/product"}],"about":[{"href":"https:\/\/digitaltarget.com.tr\/en\/wp-json\/wp\/v2\/types\/product"}],"replies":[{"embeddable":true,"href":"https:\/\/digitaltarget.com.tr\/en\/wp-json\/wp\/v2\/comments?post=18303"}],"version-history":[{"count":3,"href":"https:\/\/digitaltarget.com.tr\/en\/wp-json\/wp\/v2\/product\/18303\/revisions"}],"predecessor-version":[{"id":18886,"href":"https:\/\/digitaltarget.com.tr\/en\/wp-json\/wp\/v2\/product\/18303\/revisions\/18886"}],"wp:featuredmedia":[{"embeddable":true,"href":"https:\/\/digitaltarget.com.tr\/en\/wp-json\/wp\/v2\/media\/18304"}],"wp:attachment":[{"href":"https:\/\/digitaltarget.com.tr\/en\/wp-json\/wp\/v2\/media?parent=18303"}],"wp:term":[{"taxonomy":"product_cat","embeddable":true,"href":"https:\/\/digitaltarget.com.tr\/en\/wp-json\/wp\/v2\/product_cat?post=18303"},{"taxonomy":"product_tag","embeddable":true,"href":"https:\/\/digitaltarget.com.tr\/en\/wp-json\/wp\/v2\/product_tag?post=18303"}],"curies":[{"name":"wp","href":"https:\/\/api.w.org\/{rel}","templated":true}]}}