{"id":18306,"date":"2024-03-20T08:48:34","date_gmt":"2024-03-20T08:48:34","guid":{"rendered":"https:\/\/digitaltarget.com.tr\/?post_type=product&#038;p=18306"},"modified":"2025-01-06T09:04:48","modified_gmt":"2025-01-06T09:04:48","slug":"three-phase-adjustable-voltage-ampere-protector-63a","status":"publish","type":"product","link":"https:\/\/digitaltarget.com.tr\/en\/product\/three-phase-adjustable-voltage-ampere-protector-63a\/","title":{"rendered":"Three Phase Adjustable Voltage Ampere Protector 63A"},"content":{"rendered":"<div><\/div>\n<div><strong>Functions:<\/strong><\/div>\n<div>1. Overvoltage protection 2. Undervoltage protection 3. Overcurrent protection 4. Automatic reversal 5. Voltage display (voltage measurement) 6. Current display (current measurement) 7. Three-phase ampere imbalance protection 8. Phase sequence protection (reverse phase protection) 9. Zero line break protection 10. Phase loss protection 11.<\/div>\n<div><\/div>\n<div>It will cyclically display the voltage and current for each phase.<\/div>\n<div><\/div>\n<div><\/div>\n<div><strong>Product Parameters:\u00a0<\/strong><\/div>\n<div>\n<div>1. Model number: STVP-936<\/div>\n<div>2. Power supply: 3*230V\/400V AC 50\/60Hz<\/div>\n<div>\n<div>3. Max. Loading power: 1~63A Adjustable (default: 63A)<\/div>\n<div>4. Over voltage protection value range: 221V~300V Adjustable (default: 280V) Overvoltage return value range: 220V~299V (default 250V) Surge protection action time: 0.1~10 seconds (default 0.2s)<\/div>\n<div>5. Undervoltage protection value range: 150V~219V Adjustable (default: 160V) Undervoltage return value range: 151V~220V (default 180V) Undervoltage protection action time: 0.1~10 seconds (default 0.2s)<\/div>\n<div>6. 3-phase voltage unbalance protection value: 10%~50%~OFF (default 20%)<\/div>\n<div>7. 3-phase voltage unbalance protection action time: 0.1~10 seconds (default: 1s)<\/div>\n<div>8. Delay time after power on: 2~255 seconds (default: 2s)<\/div>\n<div>9. Return delay time: 2~600s (default: 60s)<\/div>\n<div>10. Indicators: LCD<\/div>\n<div>11. Dimensions: 70*65*95mm<\/div>\n<div>12. Mounting: 35mm DIN rail<\/div>\n<\/div>\n<\/div>","protected":false},"excerpt":{"rendered":"<p>Fonksiyonlar: 1. A\u015f\u0131r\u0131 gerilim korumas\u0131 2. Yetersiz gerilim korumas\u0131 3. A\u015f\u0131r\u0131 ak\u0131m korumas\u0131 4. Otomatik geri d\u00f6n\u00fc\u015f 5. Gerilim g\u00f6stergesi<\/p>","protected":false},"featured_media":18307,"comment_status":"open","ping_status":"closed","template":"","meta":{"_monsterinsights_skip_tracking":false,"_monsterinsights_sitenote_active":false,"_monsterinsights_sitenote_note":"","_monsterinsights_sitenote_category":0},"product_cat":[445],"product_tag":[],"aioseo_notices":[],"jetpack_sharing_enabled":true,"_links":{"self":[{"href":"https:\/\/digitaltarget.com.tr\/en\/wp-json\/wp\/v2\/product\/18306"}],"collection":[{"href":"https:\/\/digitaltarget.com.tr\/en\/wp-json\/wp\/v2\/product"}],"about":[{"href":"https:\/\/digitaltarget.com.tr\/en\/wp-json\/wp\/v2\/types\/product"}],"replies":[{"embeddable":true,"href":"https:\/\/digitaltarget.com.tr\/en\/wp-json\/wp\/v2\/comments?post=18306"}],"version-history":[{"count":4,"href":"https:\/\/digitaltarget.com.tr\/en\/wp-json\/wp\/v2\/product\/18306\/revisions"}],"predecessor-version":[{"id":18884,"href":"https:\/\/digitaltarget.com.tr\/en\/wp-json\/wp\/v2\/product\/18306\/revisions\/18884"}],"wp:featuredmedia":[{"embeddable":true,"href":"https:\/\/digitaltarget.com.tr\/en\/wp-json\/wp\/v2\/media\/18307"}],"wp:attachment":[{"href":"https:\/\/digitaltarget.com.tr\/en\/wp-json\/wp\/v2\/media?parent=18306"}],"wp:term":[{"taxonomy":"product_cat","embeddable":true,"href":"https:\/\/digitaltarget.com.tr\/en\/wp-json\/wp\/v2\/product_cat?post=18306"},{"taxonomy":"product_tag","embeddable":true,"href":"https:\/\/digitaltarget.com.tr\/en\/wp-json\/wp\/v2\/product_tag?post=18306"}],"curies":[{"name":"wp","href":"https:\/\/api.w.org\/{rel}","templated":true}]}}