{"id":18329,"date":"2024-03-20T09:18:55","date_gmt":"2024-03-20T09:18:55","guid":{"rendered":"https:\/\/digitaltarget.com.tr\/?post_type=product&#038;p=18329"},"modified":"2024-08-01T13:08:52","modified_gmt":"2024-08-01T13:08:52","slug":"radiomaster-tx12-mark-ii-radio-controller-cc2500","status":"publish","type":"product","link":"https:\/\/digitaltarget.com.tr\/en\/product\/radiomaster-tx12-mark-ii-radio-controller-cc2500\/","title":{"rendered":"RADIOMASTER TX12 Mark II Radio Controller CC2500"},"content":{"rendered":"<p align=\"start\"><strong>Specifications:<\/strong><\/p>\n<ul>\n<li>Added internal ExpressLRS module support<\/li>\n<li>Main board design updated from STM32F207 to STM32F407<\/li>\n<li>USB-C QC 3.0 Charging enhanced<\/li>\n<li>Precision hall-effect gimbals as standard<\/li>\n<li>EdgeTX operating system installed from the factory<\/li>\n<li>Updated rear frame with comfortable handles<\/li>\n<li>Improved S1\/S2 slider grip<\/li>\n<li>SD Card included<\/li>\n<li>Provides M1 and M2 modes<\/li>\n<\/ul>\n<ul>\n<li>Product: TX12 Mark II Radio<\/li>\n<li>Dimensions: 170*159*108mm<\/li>\n<li>Weight: 363g<\/li>\n<li>Frequency: 2.400GHZ-2.480GHZ<\/li>\n<li>RF Chip: ExpressLRS (ELRS) \/ CC2500<\/li>\n<li>Operating Current: 320mA@8.4V (ELRS) \/ 180mA@8.4V (CC2500)<\/li>\n<li>Voltage Range: 6.6-8.4V DC<\/li>\n<li>Radio Software: EdgeTX (Transmitter) \/ ExpressLRS (RF module) \/ MPM (RF module)<\/li>\n<li>Number of Channels: Up to 16 (depending on receiver)<\/li>\n<li>Display: 128*64 Monochrome LCD screen<\/li>\n<li>Gimbal: High precision hall gimbals<\/li>\n<li>External module: JR\/FrSKY\/Crossfire compatible<\/li>\n<li>Upgrade Method: USB\/SD card &amp; EdgeTX Buddy online or EdgeTX Companion PC software<\/li>\n<li>USB Charging: QC3 USB-C<\/li>\n<li>SD Card included<\/li>\n<\/ul>","protected":false},"excerpt":{"rendered":"<p>\u00d6zellikler: Eklenmi\u015f dahili ExpressLRS mod\u00fcl deste\u011fi Ana kart tasar\u0131m\u0131 STM32F207&#8217;den STM32F407&#8217;ye g\u00fcncellendi USB-C QC 3.0 \u015earj\u0131 geli\u015ftirilmi\u015f Standart olarak hassas<\/p>","protected":false},"featured_media":18334,"comment_status":"open","ping_status":"closed","template":"","meta":{"_monsterinsights_skip_tracking":false,"_monsterinsights_sitenote_active":false,"_monsterinsights_sitenote_note":"","_monsterinsights_sitenote_category":0},"product_cat":[435],"product_tag":[],"aioseo_notices":[],"jetpack_sharing_enabled":true,"_links":{"self":[{"href":"https:\/\/digitaltarget.com.tr\/en\/wp-json\/wp\/v2\/product\/18329"}],"collection":[{"href":"https:\/\/digitaltarget.com.tr\/en\/wp-json\/wp\/v2\/product"}],"about":[{"href":"https:\/\/digitaltarget.com.tr\/en\/wp-json\/wp\/v2\/types\/product"}],"replies":[{"embeddable":true,"href":"https:\/\/digitaltarget.com.tr\/en\/wp-json\/wp\/v2\/comments?post=18329"}],"version-history":[{"count":3,"href":"https:\/\/digitaltarget.com.tr\/en\/wp-json\/wp\/v2\/product\/18329\/revisions"}],"predecessor-version":[{"id":19089,"href":"https:\/\/digitaltarget.com.tr\/en\/wp-json\/wp\/v2\/product\/18329\/revisions\/19089"}],"wp:featuredmedia":[{"embeddable":true,"href":"https:\/\/digitaltarget.com.tr\/en\/wp-json\/wp\/v2\/media\/18334"}],"wp:attachment":[{"href":"https:\/\/digitaltarget.com.tr\/en\/wp-json\/wp\/v2\/media?parent=18329"}],"wp:term":[{"taxonomy":"product_cat","embeddable":true,"href":"https:\/\/digitaltarget.com.tr\/en\/wp-json\/wp\/v2\/product_cat?post=18329"},{"taxonomy":"product_tag","embeddable":true,"href":"https:\/\/digitaltarget.com.tr\/en\/wp-json\/wp\/v2\/product_tag?post=18329"}],"curies":[{"name":"wp","href":"https:\/\/api.w.org\/{rel}","templated":true}]}}