{"id":18345,"date":"2024-03-20T09:51:32","date_gmt":"2024-03-20T09:51:32","guid":{"rendered":"https:\/\/digitaltarget.com.tr\/?post_type=product&#038;p=18345"},"modified":"2024-08-01T13:07:05","modified_gmt":"2024-08-01T13:07:05","slug":"aocoda-rc-f405-f4-v2-flight-controller-with-osd","status":"publish","type":"product","link":"https:\/\/digitaltarget.com.tr\/en\/product\/aocoda-rc-f405-f4-v2-flight-controller-with-osd\/","title":{"rendered":"Aocoda-RC F405 F4 V2 U\u00e7u\u015f Kontrol Cihaz\u0131 OSD ile"},"content":{"rendered":"<h3>Aocoda-RC F405 V2 U\u00e7u\u015f Kontrol\u00fc<\/h3>\n<h5>Product Description<\/h5>\n<p>Kontrolc\u00fc: STM32F405RGT6<\/p>\n<p>Jiroskop: MPU6500<\/p>\n<p>Barometre: BMP280, DPS310, MS5611 (iste\u011fe ba\u011fl\u0131)<\/p>\n<p>Kara Kutu: 16MB<\/p>\n<p>Motor \u00e7\u0131k\u0131\u015f\u0131: 8 kanal<\/p>\n<p>Evrensel seri port: 4 kanal<\/p>\n<p>\u00c7\u0131k\u0131\u015f g\u00fcc\u00fc: 5V\/2.5A, 9V\/2A<\/p>\n<p>A\u011f\u0131rl\u0131k: 8.2g<\/p>\n<p>Boyutlar: 36mm x 36mm<\/p>\n<p>Montaj delikleri: 30.5mm x 30.5mm<\/p>\n<p>Yaz\u0131l\u0131m ad\u0131: A0CODAF405V2<\/p>\n<p>Aksesuar Listesi<\/p>\n<p>Aocoda-RC F4 V1.1 x1<\/p>\n<p>8PIN SH1.0: Ba\u011flant\u0131 kablosu x1<\/p>\n<p>M3*8: \u015eok topu x4<\/p>","protected":false},"excerpt":{"rendered":"<p>Aocoda-RC F405 V2 U\u00e7u\u015f Kontrol\u00fc \u00dcr\u00fcn A\u00e7\u0131klamas\u0131 Kontrolc\u00fc: STM32F405RGT6 Jiroskop: MPU6500 Barometre: BMP280, DPS310, MS5611 (iste\u011fe ba\u011fl\u0131) Kara Kutu: 16MB<\/p>","protected":false},"featured_media":18346,"comment_status":"open","ping_status":"closed","template":"","meta":{"_monsterinsights_skip_tracking":false,"_monsterinsights_sitenote_active":false,"_monsterinsights_sitenote_note":"","_monsterinsights_sitenote_category":0},"product_cat":[358],"product_tag":[],"aioseo_notices":[],"jetpack_sharing_enabled":true,"_links":{"self":[{"href":"https:\/\/digitaltarget.com.tr\/en\/wp-json\/wp\/v2\/product\/18345"}],"collection":[{"href":"https:\/\/digitaltarget.com.tr\/en\/wp-json\/wp\/v2\/product"}],"about":[{"href":"https:\/\/digitaltarget.com.tr\/en\/wp-json\/wp\/v2\/types\/product"}],"replies":[{"embeddable":true,"href":"https:\/\/digitaltarget.com.tr\/en\/wp-json\/wp\/v2\/comments?post=18345"}],"version-history":[{"count":2,"href":"https:\/\/digitaltarget.com.tr\/en\/wp-json\/wp\/v2\/product\/18345\/revisions"}],"predecessor-version":[{"id":19087,"href":"https:\/\/digitaltarget.com.tr\/en\/wp-json\/wp\/v2\/product\/18345\/revisions\/19087"}],"wp:featuredmedia":[{"embeddable":true,"href":"https:\/\/digitaltarget.com.tr\/en\/wp-json\/wp\/v2\/media\/18346"}],"wp:attachment":[{"href":"https:\/\/digitaltarget.com.tr\/en\/wp-json\/wp\/v2\/media?parent=18345"}],"wp:term":[{"taxonomy":"product_cat","embeddable":true,"href":"https:\/\/digitaltarget.com.tr\/en\/wp-json\/wp\/v2\/product_cat?post=18345"},{"taxonomy":"product_tag","embeddable":true,"href":"https:\/\/digitaltarget.com.tr\/en\/wp-json\/wp\/v2\/product_tag?post=18345"}],"curies":[{"name":"wp","href":"https:\/\/api.w.org\/{rel}","templated":true}]}}