{"id":18349,"date":"2024-03-20T10:00:55","date_gmt":"2024-03-20T10:00:55","guid":{"rendered":"https:\/\/digitaltarget.com.tr\/?post_type=product&#038;p=18349"},"modified":"2024-08-01T13:05:12","modified_gmt":"2024-08-01T13:05:12","slug":"aocoda-rc-3060s-60a-3-6s-bls-30-5mm-4in1-esc","status":"publish","type":"product","link":"https:\/\/digitaltarget.com.tr\/en\/product\/aocoda-rc-3060s-60a-3-6s-bls-30-5mm-4in1-esc\/","title":{"rendered":"Aocoda-RC 3060S 60A 3-6S BLS 30.5 MM 4 IN 1 ESC"},"content":{"rendered":"<p>Continuous maximum current: 60AX4<\/p>\n<p>Instantaneous maximum current: 70AX4<\/p>\n<p>Input voltage: 3-6S Lipo<\/p>\n<p>Electricity distribution protocol: 150\/300\/600\/1200 &amp; Multispot\/OneShot\/Proshot\/PWM, etc.<\/p>\n<p>Electrical adjustment rotation: not supported<\/p>\n<p>In-house ammeter: Supported<\/p>\n<p>Software: Bluejay H-H50<\/p>\n<p>Weight 10.4g<\/p>\n<p>Dimensions: 40X40.7mm<\/p>\n<p>Mounting hole position: M3 30.5 \u00d7 30.5mm<\/p>\n<p>Package Contents<\/p>\n<p>Aocoda-RC 3060S 4in1 ESC x1<\/p>\n<p>N3 shock absorbing ball x4<\/p>\n<p>470UF solid state capacitor x1<\/p>\n<p>8PIN flat cable x1<\/p>\n<p>M3 nylon nut x4<\/p>\n<p>XT60 12AWG 90CM power cable x1<\/p>","protected":false},"excerpt":{"rendered":"<p>S\u00fcrekli maksimum ak\u0131m: 60AX4 Anl\u0131k maksimum ak\u0131m: 70AX4 Giri\u015f voltaj\u0131: 3-6S Lipo Elektrik da\u011f\u0131t\u0131m protokol\u00fc: 150\/300\/600\/1200 &amp; Multispot\/OneShot\/Proshot\/PWM, vb. Elektrik<\/p>","protected":false},"featured_media":18351,"comment_status":"open","ping_status":"closed","template":"","meta":{"_monsterinsights_skip_tracking":false,"_monsterinsights_sitenote_active":false,"_monsterinsights_sitenote_note":"","_monsterinsights_sitenote_category":0},"product_cat":[444],"product_tag":[],"aioseo_notices":[],"jetpack_sharing_enabled":true,"_links":{"self":[{"href":"https:\/\/digitaltarget.com.tr\/en\/wp-json\/wp\/v2\/product\/18349"}],"collection":[{"href":"https:\/\/digitaltarget.com.tr\/en\/wp-json\/wp\/v2\/product"}],"about":[{"href":"https:\/\/digitaltarget.com.tr\/en\/wp-json\/wp\/v2\/types\/product"}],"replies":[{"embeddable":true,"href":"https:\/\/digitaltarget.com.tr\/en\/wp-json\/wp\/v2\/comments?post=18349"}],"version-history":[{"count":3,"href":"https:\/\/digitaltarget.com.tr\/en\/wp-json\/wp\/v2\/product\/18349\/revisions"}],"predecessor-version":[{"id":19086,"href":"https:\/\/digitaltarget.com.tr\/en\/wp-json\/wp\/v2\/product\/18349\/revisions\/19086"}],"wp:featuredmedia":[{"embeddable":true,"href":"https:\/\/digitaltarget.com.tr\/en\/wp-json\/wp\/v2\/media\/18351"}],"wp:attachment":[{"href":"https:\/\/digitaltarget.com.tr\/en\/wp-json\/wp\/v2\/media?parent=18349"}],"wp:term":[{"taxonomy":"product_cat","embeddable":true,"href":"https:\/\/digitaltarget.com.tr\/en\/wp-json\/wp\/v2\/product_cat?post=18349"},{"taxonomy":"product_tag","embeddable":true,"href":"https:\/\/digitaltarget.com.tr\/en\/wp-json\/wp\/v2\/product_tag?post=18349"}],"curies":[{"name":"wp","href":"https:\/\/api.w.org\/{rel}","templated":true}]}}