{"id":18358,"date":"2024-03-20T10:51:30","date_gmt":"2024-03-20T10:51:30","guid":{"rendered":"https:\/\/digitaltarget.com.tr\/?post_type=product&#038;p=18358"},"modified":"2024-08-01T13:03:39","modified_gmt":"2024-08-01T13:03:39","slug":"cctv-starlight-4k-ip-digital-camera-board-module-8-0-megapixel","status":"publish","type":"product","link":"https:\/\/digitaltarget.com.tr\/en\/product\/cctv-starlight-4k-ip-digital-camera-board-module-8-0-megapixel\/","title":{"rendered":"CCTV Starlight 4K IP Digital Camera Card Module 8.0 Megapixel"},"content":{"rendered":"<p align=\"start\"><strong>Main Features\uff1a<\/strong><\/p>\n<p align=\"start\"><strong>1. 1\/2.8 inch 8 million pixel black light CMOS sensor;<\/strong><\/p>\n<p align=\"start\"><strong>Supports h.265+, h.265 and H.264 encoding;<\/strong><\/p>\n<p align=\"start\"><strong>3. Supports 2 types of light signal control: CDS, PWM signal;<\/strong><\/p>\n<p align=\"start\"><strong>4. Support full color mode, infrared mode, dual light mode;<\/strong><\/p>\n<p align=\"start\"><strong>5. Supports image flipping and HDR;<\/strong><\/p>\n<p align=\"start\"><strong>6. Supports intelligent analytics: human sensing and user-defined spaces;<\/strong><\/p>\n<p align=\"start\"><strong>6. Supports intelligent analytics: human sensing and user-defined spaces;<\/strong><\/p>\n<p align=\"start\"><strong>8. Onvif support;<\/strong><\/p>\n<p align=\"start\"><strong>9. Character overlay support;<\/strong><\/p>\n<p align=\"start\"><strong>10. IP address filtering;<\/strong><\/p>\n<p align=\"start\"><strong>11. Supports the Poe extension;<\/strong><\/p>\n<p align=\"start\"><img fetchpriority=\"high\" decoding=\"async\" class=\"alignnone wp-image-18360 size-full\" src=\"http:\/\/digitaltarget.com.tr\/wp-content\/uploads\/2024\/03\/Sb2725eb332474b5ba9bf40ac4c9be34bC.webp\" alt=\"\" width=\"1395\" height=\"1513\" srcset=\"https:\/\/digitaltarget.com.tr\/wp-content\/uploads\/2024\/03\/Sb2725eb332474b5ba9bf40ac4c9be34bC.webp 1395w, https:\/\/digitaltarget.com.tr\/wp-content\/uploads\/2024\/03\/Sb2725eb332474b5ba9bf40ac4c9be34bC-277x300.webp 277w, https:\/\/digitaltarget.com.tr\/wp-content\/uploads\/2024\/03\/Sb2725eb332474b5ba9bf40ac4c9be34bC-738x800.webp 738w, https:\/\/digitaltarget.com.tr\/wp-content\/uploads\/2024\/03\/Sb2725eb332474b5ba9bf40ac4c9be34bC-768x833.webp 768w, https:\/\/digitaltarget.com.tr\/wp-content\/uploads\/2024\/03\/Sb2725eb332474b5ba9bf40ac4c9be34bC-11x12.webp 11w, https:\/\/digitaltarget.com.tr\/wp-content\/uploads\/2024\/03\/Sb2725eb332474b5ba9bf40ac4c9be34bC-860x933.webp 860w, https:\/\/digitaltarget.com.tr\/wp-content\/uploads\/2024\/03\/Sb2725eb332474b5ba9bf40ac4c9be34bC-1320x1432.webp 1320w, https:\/\/digitaltarget.com.tr\/wp-content\/uploads\/2024\/03\/Sb2725eb332474b5ba9bf40ac4c9be34bC-430x466.webp 430w, https:\/\/digitaltarget.com.tr\/wp-content\/uploads\/2024\/03\/Sb2725eb332474b5ba9bf40ac4c9be34bC-700x759.webp 700w, https:\/\/digitaltarget.com.tr\/wp-content\/uploads\/2024\/03\/Sb2725eb332474b5ba9bf40ac4c9be34bC-150x163.webp 150w\" sizes=\"(max-width: 1395px) 100vw, 1395px\" \/><\/p>","protected":false},"excerpt":{"rendered":"<p>Ana \u00d6zellikler\uff1a 1. 1\/2,8 in\u00e7 8 milyon piksel siyah \u0131\u015f\u0131k CMOS sens\u00f6r\u00fc; 2. h.265+, h.265 ve H.264 kodlamas\u0131n\u0131 destekler; 3.<\/p>","protected":false},"featured_media":18359,"comment_status":"open","ping_status":"closed","template":"","meta":{"_monsterinsights_skip_tracking":false,"_monsterinsights_sitenote_active":false,"_monsterinsights_sitenote_note":"","_monsterinsights_sitenote_category":0},"product_cat":[308],"product_tag":[],"aioseo_notices":[],"jetpack_sharing_enabled":true,"_links":{"self":[{"href":"https:\/\/digitaltarget.com.tr\/en\/wp-json\/wp\/v2\/product\/18358"}],"collection":[{"href":"https:\/\/digitaltarget.com.tr\/en\/wp-json\/wp\/v2\/product"}],"about":[{"href":"https:\/\/digitaltarget.com.tr\/en\/wp-json\/wp\/v2\/types\/product"}],"replies":[{"embeddable":true,"href":"https:\/\/digitaltarget.com.tr\/en\/wp-json\/wp\/v2\/comments?post=18358"}],"version-history":[{"count":3,"href":"https:\/\/digitaltarget.com.tr\/en\/wp-json\/wp\/v2\/product\/18358\/revisions"}],"predecessor-version":[{"id":19084,"href":"https:\/\/digitaltarget.com.tr\/en\/wp-json\/wp\/v2\/product\/18358\/revisions\/19084"}],"wp:featuredmedia":[{"embeddable":true,"href":"https:\/\/digitaltarget.com.tr\/en\/wp-json\/wp\/v2\/media\/18359"}],"wp:attachment":[{"href":"https:\/\/digitaltarget.com.tr\/en\/wp-json\/wp\/v2\/media?parent=18358"}],"wp:term":[{"taxonomy":"product_cat","embeddable":true,"href":"https:\/\/digitaltarget.com.tr\/en\/wp-json\/wp\/v2\/product_cat?post=18358"},{"taxonomy":"product_tag","embeddable":true,"href":"https:\/\/digitaltarget.com.tr\/en\/wp-json\/wp\/v2\/product_tag?post=18358"}],"curies":[{"name":"wp","href":"https:\/\/api.w.org\/{rel}","templated":true}]}}