{"id":18362,"date":"2024-03-20T11:06:45","date_gmt":"2024-03-20T11:06:45","guid":{"rendered":"https:\/\/digitaltarget.com.tr\/?post_type=product&#038;p=18362"},"modified":"2024-08-01T13:02:20","modified_gmt":"2024-08-01T13:02:20","slug":"jinjiean-nano-b14-1200tvl-2-1mm-lens-1-3-cmos-hd-camera-fpv-ntsc-pal-switchable-for-fpv-rc-drone-quadcopter","status":"publish","type":"product","link":"https:\/\/digitaltarget.com.tr\/en\/product\/jinjiean-nano-b14-1200tvl-2-1mm-lens-1-3-cmos-hd-camera-fpv-ntsc-pal-switchable-for-fpv-rc-drone-quadcopter\/","title":{"rendered":"JINJIEAN Nano B14 1200TVL 2.1mm Lens 1\/3 CMOS HD Camera FPV NTSC\/PAL FPV Switchable for RC Drone Quadcopter"},"content":{"rendered":"<table cellspacing=\"0\">\n<tbody>\n<tr class=\"firstRow\">\n<td colspan=\"2\" width=\"568\"><strong>Nano<\/strong><strong>B14<\/strong><\/p>\n<div><\/div>\n<\/td>\n<\/tr>\n<tr>\n<td width=\"284\">Model<\/td>\n<td width=\"284\"><strong>Nano B14 FPV camera<\/strong><\/td>\n<\/tr>\n<tr>\n<td width=\"284\">Image Sensor<\/td>\n<td width=\"284\">1\/3\uff07<strong>CMOS<\/strong><\/td>\n<\/tr>\n<tr>\n<td width=\"284\">Horizontal Resolution<\/td>\n<td width=\"284\"><strong>1200TVL<\/strong><\/td>\n<\/tr>\n<tr>\n<td width=\"284\">Lens<\/td>\n<td width=\"284\">2.1mm<\/td>\n<\/tr>\n<tr>\n<td width=\"284\">Signal System<\/td>\n<td width=\"284\">PAL\/NTSC (Built-in button for manual switch)<\/td>\n<\/tr>\n<tr>\n<td width=\"284\">S\/N Ratio<\/td>\n<td width=\"284\">\uff1e60Db (AGC CLOSED)<\/td>\n<\/tr>\n<tr>\n<td width=\"284\">Electronic Shutter Speed<\/td>\n<td width=\"284\">PAL: 1\/50-100.000, NTSC: 1\/60-100.000<\/td>\n<\/tr>\n<tr>\n<td width=\"284\">Automatic Gain Control (AGC)<\/td>\n<td width=\"284\">LOW\/MEDIUM\/HIGH<\/td>\n<\/tr>\n<tr>\n<td width=\"284\">Backlight Compensation (BLC)<\/td>\n<td width=\"284\">EVET<\/td>\n<\/tr>\n<tr>\n<td width=\"284\">Min Lighting<\/td>\n<td width=\"284\">0.001Lux\/1.2F<\/td>\n<\/tr>\n<tr>\n<td width=\"284\">WDR<\/td>\n<td width=\"284\">D-WDR<\/td>\n<\/tr>\n<tr>\n<td width=\"284\">DNR<\/td>\n<td width=\"284\">3DNR<\/td>\n<\/tr>\n<tr>\n<td width=\"284\">Day\/Night<\/td>\n<td width=\"284\">Auto\/Color\/Black &amp; White<\/td>\n<\/tr>\n<tr>\n<td width=\"284\">Power<\/td>\n<td width=\"284\"><strong>DC 3.3V-6V<\/strong><\/td>\n<\/tr>\n<tr>\n<td width=\"284\">Net Weight<\/td>\n<td width=\"284\">3.5g<\/td>\n<\/tr>\n<tr>\n<td width=\"284\">Dimensions<\/td>\n<td width=\"284\">14mm*14mm*17mm<\/td>\n<\/tr>\n<\/tbody>\n<\/table>","protected":false},"excerpt":{"rendered":"<p>NanoB14 Model Nano B14 FPV kameralar G\u00f6r\u00fcnt\u00fc Sens\u00f6r\u00fc 1\/3\uff07CMOS Yatay \u00c7\u00f6z\u00fcn\u00fcrl\u00fck 1200TVL Lens 2.1mm Sinyal Sistemi PAL\/NTSC (Manuel anahtar i\u00e7in<\/p>","protected":false},"featured_media":18363,"comment_status":"open","ping_status":"closed","template":"","meta":{"_monsterinsights_skip_tracking":false,"_monsterinsights_sitenote_active":false,"_monsterinsights_sitenote_note":"","_monsterinsights_sitenote_category":0},"product_cat":[308],"product_tag":[],"aioseo_notices":[],"jetpack_sharing_enabled":true,"_links":{"self":[{"href":"https:\/\/digitaltarget.com.tr\/en\/wp-json\/wp\/v2\/product\/18362"}],"collection":[{"href":"https:\/\/digitaltarget.com.tr\/en\/wp-json\/wp\/v2\/product"}],"about":[{"href":"https:\/\/digitaltarget.com.tr\/en\/wp-json\/wp\/v2\/types\/product"}],"replies":[{"embeddable":true,"href":"https:\/\/digitaltarget.com.tr\/en\/wp-json\/wp\/v2\/comments?post=18362"}],"version-history":[{"count":3,"href":"https:\/\/digitaltarget.com.tr\/en\/wp-json\/wp\/v2\/product\/18362\/revisions"}],"predecessor-version":[{"id":19082,"href":"https:\/\/digitaltarget.com.tr\/en\/wp-json\/wp\/v2\/product\/18362\/revisions\/19082"}],"wp:featuredmedia":[{"embeddable":true,"href":"https:\/\/digitaltarget.com.tr\/en\/wp-json\/wp\/v2\/media\/18363"}],"wp:attachment":[{"href":"https:\/\/digitaltarget.com.tr\/en\/wp-json\/wp\/v2\/media?parent=18362"}],"wp:term":[{"taxonomy":"product_cat","embeddable":true,"href":"https:\/\/digitaltarget.com.tr\/en\/wp-json\/wp\/v2\/product_cat?post=18362"},{"taxonomy":"product_tag","embeddable":true,"href":"https:\/\/digitaltarget.com.tr\/en\/wp-json\/wp\/v2\/product_tag?post=18362"}],"curies":[{"name":"wp","href":"https:\/\/api.w.org\/{rel}","templated":true}]}}