{"id":18377,"date":"2024-03-20T12:15:39","date_gmt":"2024-03-20T12:15:39","guid":{"rendered":"https:\/\/digitaltarget.com.tr\/?post_type=product&#038;p=18377"},"modified":"2024-10-14T12:04:19","modified_gmt":"2024-10-14T12:04:19","slug":"icsee-6mp-outdoor-3mp-dual-lens-cctv-camera-wifi-surveillance-camera-human-motion-tracking-ptz","status":"publish","type":"product","link":"https:\/\/digitaltarget.com.tr\/en\/product\/icsee-6mp-outdoor-3mp-dual-lens-cctv-camera-wifi-surveillance-camera-human-motion-tracking-ptz\/","title":{"rendered":"ICsee 6MP Outdoor 3mp Dual Lens cctv Camera WiFi Surveillance Camera Human Motion Tracking PTZ"},"content":{"rendered":"<div class=\"attribute-item\">\n<div class=\"left\">Special Features<\/div>\n<div><\/div>\n<div class=\"right\">\n<p>Human Motion Tracking, Motion Detection, NIGHT VISION, Two-Way Audio, Waterproof \/ Weatherproof, PAN-TILT, Face Detection, Vandal Resistant, Voice Detection, Built-in Siren<\/p>\n<\/div>\n<\/div>\n<div class=\"attribute-item\">\n<div class=\"left\">Function<\/div>\n<div class=\"right\">\n<p>Built-in Microphone, NIGHT VISION, PAN-TILT, RESET, Two-Way Audio, Waterproof \/ Weatherproof, Wide Angle<\/p>\n<\/div>\n<\/div>\n<div class=\"attribute-item\">\n<div class=\"left\">Customized Support<\/div>\n<div class=\"right\">Online technical support, Customized logo, OEM, ODM<\/div>\n<div>\n<div class=\"attribute-list\">\n<div class=\"attribute-item\">\n<div class=\"left\" data-spm-anchor-id=\"a2700.details.0.i70.579437fbWZbqMz\">Sensor<\/div>\n<div class=\"right\">\n<p>CMOS<\/p>\n<\/div>\n<\/div>\n<div class=\"attribute-item\">\n<div class=\"left\">Style<\/div>\n<div class=\"right\">\n<p>LEAD CAMERA, PTZ camera, white &amp; black color, White color<\/p>\n<\/div>\n<\/div>\n<div class=\"attribute-item\">\n<div class=\"left\">Video Compression Format<\/div>\n<div class=\"right\">\n<p>H.265<\/p>\n<\/div>\n<\/div>\n<div class=\"attribute-item\">\n<div class=\"left\">Data Storage Options<\/div>\n<div class=\"right\">\n<p>Cloud, NVR, Micro SD card, SD Card<\/p>\n<\/div>\n<\/div>\n<div class=\"attribute-item\">\n<div class=\"left\">Application<\/div>\n<div class=\"right\">\n<p>Indoor, Outdoor<\/p>\n<\/div>\n<\/div>\n<div class=\"attribute-item\">\n<div class=\"left\">Product Name<\/div>\n<div class=\"right\">\n<p>Security Wireless Surveillance Wifi CCTV Camera<\/p>\n<\/div>\n<\/div>\n<div class=\"attribute-item\">\n<div class=\"left\">Keyword<\/div>\n<div class=\"right\">\n<p>Wireless P2p Ip Camera<\/p>\n<\/div>\n<\/div>\n<div class=\"attribute-item\">\n<div class=\"left\">Resolution<\/div>\n<div class=\"right\">\n<p>3MP+3MP<\/p>\n<\/div>\n<\/div>\n<div class=\"attribute-item\">\n<div class=\"left\">Lens<\/div>\n<div class=\"right\">\n<p>F1.4*3.6MM+F1.4*6MM<\/p>\n<\/div>\n<\/div>\n<div class=\"attribute-item\">\n<div class=\"left\">Feature<\/div>\n<div class=\"right\">\n<p>Two-Way Audio<\/p>\n<\/div>\n<\/div>\n<div class=\"attribute-item\">\n<div class=\"left\">Support<\/div>\n<div class=\"right\">\n<p>WiFI Cctv Ptz Camera<\/p>\n<\/div>\n<\/div>\n<div class=\"attribute-item\">\n<div class=\"left\">Support<\/div>\n<div class=\"right\">\n<p>Maximum Support 128GB Memory Card<\/p>\n<\/div>\n<\/div>\n<div class=\"attribute-item\">\n<div class=\"left\">Night Vision<\/div>\n<div class=\"right\">\n<p>IR Night Vision 50M<\/p>\n<\/div>\n<\/div>\n<div class=\"attribute-item\">\n<div class=\"left\">Style<\/div>\n<div class=\"right\">\n<p>Smart Camera Wifi Home<\/p>\n<\/div>\n<\/div>\n<div class=\"attribute-item\">\n<div class=\"left\">Technology<\/div>\n<div class=\"right\">\n<p>2.4G Wireless Digital Signal Transmission<\/p>\n<\/div>\n<\/div>\n<\/div>\n<\/div>\n<\/div>","protected":false},"excerpt":{"rendered":"<p>\u00d6zel \u00d6zellikler \u0130nsan Hareket Takibi, Hareket Alg\u0131lama, GECE G\u00d6R\u00dc\u015e\u00dc, \u0130ki Y\u00f6nl\u00fc Ses, Suya Dayan\u0131kl\u0131 \/ Hava Ko\u015fullar\u0131na Dayan\u0131kl\u0131, PAN-TILT, Y\u00fcz<\/p>","protected":false},"featured_media":18378,"comment_status":"open","ping_status":"closed","template":"","meta":{"_monsterinsights_skip_tracking":false,"_monsterinsights_sitenote_active":false,"_monsterinsights_sitenote_note":"","_monsterinsights_sitenote_category":0},"product_cat":[450,308],"product_tag":[],"aioseo_notices":[],"jetpack_sharing_enabled":true,"_links":{"self":[{"href":"https:\/\/digitaltarget.com.tr\/en\/wp-json\/wp\/v2\/product\/18377"}],"collection":[{"href":"https:\/\/digitaltarget.com.tr\/en\/wp-json\/wp\/v2\/product"}],"about":[{"href":"https:\/\/digitaltarget.com.tr\/en\/wp-json\/wp\/v2\/types\/product"}],"replies":[{"embeddable":true,"href":"https:\/\/digitaltarget.com.tr\/en\/wp-json\/wp\/v2\/comments?post=18377"}],"version-history":[{"count":4,"href":"https:\/\/digitaltarget.com.tr\/en\/wp-json\/wp\/v2\/product\/18377\/revisions"}],"predecessor-version":[{"id":18875,"href":"https:\/\/digitaltarget.com.tr\/en\/wp-json\/wp\/v2\/product\/18377\/revisions\/18875"}],"wp:featuredmedia":[{"embeddable":true,"href":"https:\/\/digitaltarget.com.tr\/en\/wp-json\/wp\/v2\/media\/18378"}],"wp:attachment":[{"href":"https:\/\/digitaltarget.com.tr\/en\/wp-json\/wp\/v2\/media?parent=18377"}],"wp:term":[{"taxonomy":"product_cat","embeddable":true,"href":"https:\/\/digitaltarget.com.tr\/en\/wp-json\/wp\/v2\/product_cat?post=18377"},{"taxonomy":"product_tag","embeddable":true,"href":"https:\/\/digitaltarget.com.tr\/en\/wp-json\/wp\/v2\/product_tag?post=18377"}],"curies":[{"name":"wp","href":"https:\/\/api.w.org\/{rel}","templated":true}]}}