{"id":18426,"date":"2024-03-26T23:31:34","date_gmt":"2024-03-26T23:31:34","guid":{"rendered":"https:\/\/digitaltarget.com.tr\/?post_type=product&#038;p=18426"},"modified":"2024-08-01T12:58:52","modified_gmt":"2024-08-01T12:58:52","slug":"hqprop-dp7x3-5x3v1s-3-blade-pc-propeller-for-rc-fpv-4-pcs-2-cw-2-cccw","status":"publish","type":"product","link":"https:\/\/digitaltarget.com.tr\/en\/product\/hqprop-dp7x3-5x3v1s-3-blade-pc-propeller-for-rc-fpv-4-pcs-2-cw-2-cccw\/","title":{"rendered":"HQPROP DP7X3.5X3V1S 3 Blades PC Propeller for RC FPV - 4 Pcs (2 cw+2 ccw)"},"content":{"rendered":"<p>Propeller parameters<\/p>\n<p>&nbsp;<\/p>\n<p>Model: DP 7\u00d73.5x3v1s PC<\/p>\n<p>&nbsp;<\/p>\n<p>Length: 7 inches<\/p>\n<p>&nbsp;<\/p>\n<p>Pitch: 3.5 in\u00e7<\/p>\n<p>&nbsp;<\/p>\n<p>Propellers: 3 pieces<\/p>\n<p>&nbsp;<\/p>\n<p>Material: PC<\/p>\n<p>&nbsp;<\/p>\n<p>Weight: 7.76G<\/p>\n<p>&nbsp;<\/p>\n<p>Shovel diameter 13.2 mm<\/p>\n<p>&nbsp;<\/p>\n<p>Shovel thickness 6.7 mm<\/p>\n<p>&nbsp;<\/p>\n<p>Ex: 5 mm<\/p>\n<p>&nbsp;<\/p>\n<p>Adapter: None<\/p>","protected":false},"excerpt":{"rendered":"<p>Pervane parametreleri &nbsp; Model: DP 7&#215;3.5x3v1s PC &nbsp; Uzunluk: 7 in\u00e7 &nbsp; Pitch: 3.5 in\u00e7 &nbsp; Pervaneler: 3 par\u00e7a &nbsp;<\/p>","protected":false},"featured_media":18427,"comment_status":"open","ping_status":"closed","template":"","meta":{"_monsterinsights_skip_tracking":false,"_monsterinsights_sitenote_active":false,"_monsterinsights_sitenote_note":"","_monsterinsights_sitenote_category":0},"product_cat":[350],"product_tag":[],"aioseo_notices":[],"jetpack_sharing_enabled":true,"_links":{"self":[{"href":"https:\/\/digitaltarget.com.tr\/en\/wp-json\/wp\/v2\/product\/18426"}],"collection":[{"href":"https:\/\/digitaltarget.com.tr\/en\/wp-json\/wp\/v2\/product"}],"about":[{"href":"https:\/\/digitaltarget.com.tr\/en\/wp-json\/wp\/v2\/types\/product"}],"replies":[{"embeddable":true,"href":"https:\/\/digitaltarget.com.tr\/en\/wp-json\/wp\/v2\/comments?post=18426"}],"version-history":[{"count":2,"href":"https:\/\/digitaltarget.com.tr\/en\/wp-json\/wp\/v2\/product\/18426\/revisions"}],"predecessor-version":[{"id":19078,"href":"https:\/\/digitaltarget.com.tr\/en\/wp-json\/wp\/v2\/product\/18426\/revisions\/19078"}],"wp:featuredmedia":[{"embeddable":true,"href":"https:\/\/digitaltarget.com.tr\/en\/wp-json\/wp\/v2\/media\/18427"}],"wp:attachment":[{"href":"https:\/\/digitaltarget.com.tr\/en\/wp-json\/wp\/v2\/media?parent=18426"}],"wp:term":[{"taxonomy":"product_cat","embeddable":true,"href":"https:\/\/digitaltarget.com.tr\/en\/wp-json\/wp\/v2\/product_cat?post=18426"},{"taxonomy":"product_tag","embeddable":true,"href":"https:\/\/digitaltarget.com.tr\/en\/wp-json\/wp\/v2\/product_tag?post=18426"}],"curies":[{"name":"wp","href":"https:\/\/api.w.org\/{rel}","templated":true}]}}