{"id":18429,"date":"2024-03-26T23:42:48","date_gmt":"2024-03-26T23:42:48","guid":{"rendered":"https:\/\/digitaltarget.com.tr\/?post_type=product&#038;p=18429"},"modified":"2025-05-30T13:10:15","modified_gmt":"2025-05-30T13:10:15","slug":"hqprop-7x3-5x3-3-blade-pc-propeller-7-inch-4-pcs-2-cw-2-ccw","status":"publish","type":"product","link":"https:\/\/digitaltarget.com.tr\/en\/product\/hqprop-7x3-5x3-3-blade-pc-propeller-7-inch-4-pcs-2-cw-2-ccw\/","title":{"rendered":"HQProp 7X3.5X3 3 Blades PC Propeller 7 inch - 4 Pcs (2 cw + 2 ccw)"},"content":{"rendered":"<h3>Description<\/h3>\n<ul>\n<li>7X3.5X3<\/li>\n<li>Propeller Diameter: 7 inch<\/li>\n<li>Pitch : 3.5<\/li>\n<li>Knives : 3-Blade<\/li>\n<li>Material : Poly Carbonate<\/li>\n<li>Weight : 8.8g<\/li>\n<li>Hub Diameter: 13.5 mm<\/li>\n<li>Core Thickness:7mm<\/li>\n<li>Shaft: 5mm<\/li>\n<li>Adapter Rings : NONE<\/li>\n<\/ul>","protected":false},"excerpt":{"rendered":"<p>A\u00e7\u0131klama 7X3.5X3 Pervane \u00c7ap\u0131: 7 in\u00e7 Pitch : 3.5 B\u0131\u00e7aklar : 3-B\u0131\u00e7akl\u0131 Malzeme : Poli Karbonat A\u011f\u0131rl\u0131k : 8.8g G\u00f6bek<\/p>","protected":false},"featured_media":18430,"comment_status":"open","ping_status":"closed","template":"","meta":{"_monsterinsights_skip_tracking":false,"_monsterinsights_sitenote_active":false,"_monsterinsights_sitenote_note":"","_monsterinsights_sitenote_category":0},"product_cat":[350],"product_tag":[],"aioseo_notices":[],"jetpack_sharing_enabled":true,"_links":{"self":[{"href":"https:\/\/digitaltarget.com.tr\/en\/wp-json\/wp\/v2\/product\/18429"}],"collection":[{"href":"https:\/\/digitaltarget.com.tr\/en\/wp-json\/wp\/v2\/product"}],"about":[{"href":"https:\/\/digitaltarget.com.tr\/en\/wp-json\/wp\/v2\/types\/product"}],"replies":[{"embeddable":true,"href":"https:\/\/digitaltarget.com.tr\/en\/wp-json\/wp\/v2\/comments?post=18429"}],"version-history":[{"count":3,"href":"https:\/\/digitaltarget.com.tr\/en\/wp-json\/wp\/v2\/product\/18429\/revisions"}],"predecessor-version":[{"id":18863,"href":"https:\/\/digitaltarget.com.tr\/en\/wp-json\/wp\/v2\/product\/18429\/revisions\/18863"}],"wp:featuredmedia":[{"embeddable":true,"href":"https:\/\/digitaltarget.com.tr\/en\/wp-json\/wp\/v2\/media\/18430"}],"wp:attachment":[{"href":"https:\/\/digitaltarget.com.tr\/en\/wp-json\/wp\/v2\/media?parent=18429"}],"wp:term":[{"taxonomy":"product_cat","embeddable":true,"href":"https:\/\/digitaltarget.com.tr\/en\/wp-json\/wp\/v2\/product_cat?post=18429"},{"taxonomy":"product_tag","embeddable":true,"href":"https:\/\/digitaltarget.com.tr\/en\/wp-json\/wp\/v2\/product_tag?post=18429"}],"curies":[{"name":"wp","href":"https:\/\/api.w.org\/{rel}","templated":true}]}}