{"id":18432,"date":"2024-03-27T00:05:23","date_gmt":"2024-03-27T00:05:23","guid":{"rendered":"https:\/\/digitaltarget.com.tr\/?post_type=product&#038;p=18432"},"modified":"2024-08-01T12:57:31","modified_gmt":"2024-08-01T12:57:31","slug":"wifi-range-extender-signal-booster-2-4ghz-4w-pcba","status":"publish","type":"product","link":"https:\/\/digitaltarget.com.tr\/en\/product\/wifi-range-extender-signal-booster-2-4ghz-4w-pcba\/","title":{"rendered":"Wifi Range Extender Signal Booster 2.4GHz 4W PCBA"},"content":{"rendered":"<ul>\n<li><strong>Frequency Range: 2.4~2.5 GHz<\/strong><\/li>\n<li><strong>Operating Voltage: 6~16 V<\/strong><\/li>\n<li><strong>Receive Gain 17 dB\u00b11<\/strong><\/li>\n<li><strong data-spm-anchor-id=\"a2g0o.detail.1000023.i0.78bbuJlAuJlAL0\">Transmission Gain 17 dB \u00b11<\/strong><\/li>\n<li><strong>Input Trigger Power: Min:3 dBm Max:20 dBm<\/strong><\/li>\n<li><strong>Maximum Output Power (P1 dB): 36 dBm (4 W)<\/strong><\/li>\n<li><strong>EVM: 3%@28 dBm 802.11 g 54Mbps OFDM 64QAM BW 20MHz<\/strong><\/li>\n<li>\n<p data-spm-anchor-id=\"a2g0o.detail.1000023.i1.78bbuJlAuJlAL0\"><strong>DC Supply Current: 435mA@Pout 28dBm 9V<\/strong><\/p>\n<\/li>\n<\/ul>","protected":false},"excerpt":{"rendered":"<p>Frekans Aral\u0131\u011f\u0131: 2,4~2,5 GHz \u00c7al\u0131\u015fma Voltaj\u0131: 6~16 V Alma Kazanc\u0131: 17 dB\u00b11 \u0130letim Kazanc\u0131: 17 dB \u00b11 Giri\u015f Tetikleme G\u00fcc\u00fc:<\/p>","protected":false},"featured_media":18424,"comment_status":"open","ping_status":"closed","template":"","meta":{"_monsterinsights_skip_tracking":false,"_monsterinsights_sitenote_active":false,"_monsterinsights_sitenote_note":"","_monsterinsights_sitenote_category":0},"product_cat":[448],"product_tag":[],"aioseo_notices":[],"jetpack_sharing_enabled":true,"_links":{"self":[{"href":"https:\/\/digitaltarget.com.tr\/en\/wp-json\/wp\/v2\/product\/18432"}],"collection":[{"href":"https:\/\/digitaltarget.com.tr\/en\/wp-json\/wp\/v2\/product"}],"about":[{"href":"https:\/\/digitaltarget.com.tr\/en\/wp-json\/wp\/v2\/types\/product"}],"replies":[{"embeddable":true,"href":"https:\/\/digitaltarget.com.tr\/en\/wp-json\/wp\/v2\/comments?post=18432"}],"version-history":[{"count":3,"href":"https:\/\/digitaltarget.com.tr\/en\/wp-json\/wp\/v2\/product\/18432\/revisions"}],"predecessor-version":[{"id":19077,"href":"https:\/\/digitaltarget.com.tr\/en\/wp-json\/wp\/v2\/product\/18432\/revisions\/19077"}],"wp:featuredmedia":[{"embeddable":true,"href":"https:\/\/digitaltarget.com.tr\/en\/wp-json\/wp\/v2\/media\/18424"}],"wp:attachment":[{"href":"https:\/\/digitaltarget.com.tr\/en\/wp-json\/wp\/v2\/media?parent=18432"}],"wp:term":[{"taxonomy":"product_cat","embeddable":true,"href":"https:\/\/digitaltarget.com.tr\/en\/wp-json\/wp\/v2\/product_cat?post=18432"},{"taxonomy":"product_tag","embeddable":true,"href":"https:\/\/digitaltarget.com.tr\/en\/wp-json\/wp\/v2\/product_tag?post=18432"}],"curies":[{"name":"wp","href":"https:\/\/api.w.org\/{rel}","templated":true}]}}