{"id":18446,"date":"2024-03-27T12:37:20","date_gmt":"2024-03-27T12:37:20","guid":{"rendered":"https:\/\/digitaltarget.com.tr\/?post_type=product&#038;p=18446"},"modified":"2024-08-01T12:52:29","modified_gmt":"2024-08-01T12:52:29","slug":"mt7628kn-chipset-router-module","status":"publish","type":"product","link":"https:\/\/digitaltarget.com.tr\/en\/product\/mt7628kn-chipset-router-module\/","title":{"rendered":"HLK-RM08S Serial WIFI Module"},"content":{"rendered":"<h2>HLK-RM08S Serial WiFi Module<\/h2>\n<p>The HLK-RM08S Serial WiFi Module is a built-in WiFi module that can realize mutual conversion between serial port, Ethernet and wireless network (WiFi) interfaces. It has a built-in TCP\/IP protocol stack and conforms to universal network standards based on universal serial interface.<\/p>\n<p>Users can quickly solve data transmission problems between serial devices and networks without changing the direct network configuration of traditional serial devices.<\/p>\n<h3>Features<\/h3>\n<ul>\n<li class=\" translation-block\"><strong>Chip:<\/strong> MT7688KN<\/li>\n<li class=\" translation-block\"><strong>Core:<\/strong> MIPS24KEc<\/li>\n<li class=\" translation-block\"><strong>Frequency:<\/strong> 580MHz<\/li>\n<li><strong>RAM:<\/strong> 64Mb<\/li>\n<li><strong>Flash:<\/strong> 32Mb<\/li>\n<li><strong>I-Cache, D-Cache:<\/strong> 64Kb, 32Kb<\/li>\n<li><strong>WiFi Standard\u0131:<\/strong> IEEE 802.11n\/gb<\/li>\n<li class=\" translation-block\"><strong>Communication Distance<\/strong>: 100m<\/li>\n<li><strong>Kablosuz \u0130letim H\u0131z\u0131:<\/strong>\n<ul>\n<li>11n: max. 150Mbps<\/li>\n<li>11g: max. 54Mbps<\/li>\n<li>11b: max. 11Mbps<\/li>\n<\/ul>\n<\/li>\n<li><strong>Number of Channels:<\/strong> 1-11<\/li>\n<li><strong>Frequency Range:<\/strong> 2.4-24835G<\/li>\n<li class=\" translation-block\"><strong>Transmission Power<\/strong>: 15-20DBM<\/li>\n<li><strong>WiFi \u00c7al\u0131\u015fma Modlar\u0131:<\/strong>\n<ul>\n<li>Kablosuz a\u011f kart\u0131<\/li>\n<li>Kablosuz eri\u015fim noktas\u0131<\/li>\n<li>Kablosuz y\u00f6nlendirici<\/li>\n<\/ul>\n<\/li>\n<li><strong>Kablosuz G\u00fcvenlik:<\/strong>\n<ul>\n<li>Kablosuz MAC adres filtreleme<\/li>\n<li>Kablosuz g\u00fcvenlik fonksiyon anahtar\u0131<\/li>\n<li>64\/128\/152 bit WEP \u015fifreleme<\/li>\n<li>WPA-PSK\/WPA2-PSK, WPA\/WPA2 g\u00fcvenlik mekanizmas\u0131<\/li>\n<\/ul>\n<\/li>\n<li><strong>A\u011f Y\u00f6netimi:<\/strong>\n<ul>\n<li>Uzaktan web y\u00f6netimi<\/li>\n<li>Yap\u0131land\u0131rma dosyalar\u0131n\u0131 i\u00e7e aktarma ve d\u0131\u015fa aktarma<\/li>\n<li>WEB yaz\u0131l\u0131m g\u00fcncelleme<\/li>\n<\/ul>\n<\/li>\n<li class=\" translation-block\"><strong>Module Size:<\/strong> 17.8mm x 25.8mm<\/li>\n<\/ul>","protected":false},"excerpt":{"rendered":"<p>HLK-RM08S Seri WiFi Mod\u00fcl\u00fc HLK-RM08S Seri WiFi Mod\u00fcl\u00fc, seri port, Ethernet ve kablosuz a\u011f (WiFi) aray\u00fczleri aras\u0131nda kar\u015f\u0131l\u0131kl\u0131 d\u00f6n\u00fc\u015f\u00fcm ger\u00e7ekle\u015ftirebilen<\/p>","protected":false},"featured_media":18448,"comment_status":"open","ping_status":"closed","template":"","meta":{"_monsterinsights_skip_tracking":false,"_monsterinsights_sitenote_active":false,"_monsterinsights_sitenote_note":"","_monsterinsights_sitenote_category":0},"product_cat":[448],"product_tag":[],"aioseo_notices":[],"jetpack_sharing_enabled":true,"_links":{"self":[{"href":"https:\/\/digitaltarget.com.tr\/en\/wp-json\/wp\/v2\/product\/18446"}],"collection":[{"href":"https:\/\/digitaltarget.com.tr\/en\/wp-json\/wp\/v2\/product"}],"about":[{"href":"https:\/\/digitaltarget.com.tr\/en\/wp-json\/wp\/v2\/types\/product"}],"replies":[{"embeddable":true,"href":"https:\/\/digitaltarget.com.tr\/en\/wp-json\/wp\/v2\/comments?post=18446"}],"version-history":[{"count":4,"href":"https:\/\/digitaltarget.com.tr\/en\/wp-json\/wp\/v2\/product\/18446\/revisions"}],"predecessor-version":[{"id":19072,"href":"https:\/\/digitaltarget.com.tr\/en\/wp-json\/wp\/v2\/product\/18446\/revisions\/19072"}],"wp:featuredmedia":[{"embeddable":true,"href":"https:\/\/digitaltarget.com.tr\/en\/wp-json\/wp\/v2\/media\/18448"}],"wp:attachment":[{"href":"https:\/\/digitaltarget.com.tr\/en\/wp-json\/wp\/v2\/media?parent=18446"}],"wp:term":[{"taxonomy":"product_cat","embeddable":true,"href":"https:\/\/digitaltarget.com.tr\/en\/wp-json\/wp\/v2\/product_cat?post=18446"},{"taxonomy":"product_tag","embeddable":true,"href":"https:\/\/digitaltarget.com.tr\/en\/wp-json\/wp\/v2\/product_tag?post=18446"}],"curies":[{"name":"wp","href":"https:\/\/api.w.org\/{rel}","templated":true}]}}