{"id":18450,"date":"2024-03-27T12:46:41","date_gmt":"2024-03-27T12:46:41","guid":{"rendered":"https:\/\/digitaltarget.com.tr\/?post_type=product&#038;p=18450"},"modified":"2024-08-01T12:46:05","modified_gmt":"2024-08-01T12:46:05","slug":"433mhz-5w-rf-power-amplifier-input-0-1w-can-output-5-0w7-2v-power","status":"publish","type":"product","link":"https:\/\/digitaltarget.com.tr\/en\/product\/433mhz-5w-rf-power-amplifier-input-0-1w-can-output-5-0w7-2v-power\/","title":{"rendered":"433MHz 5W RF Power Amplifier Input 0.1W 5.0W@7.2V can provide power output"},"content":{"rendered":"<p>Product Usage:<\/p>\n<p>Broadband RF small power amplifier is suitable for all kinds of 380-450MHz launch use, such as wireless remote control, walkie-talkie and other launch use. Input 0.1W, can provide 5.0W@7.2V power output, the amplifier is equipped with heat sink, long-term stable operation.<\/p>\n<p>Technical Parameters:<\/p>\n<p class=\" translation-block\">Operating frequency: 380-450MHz<br>Input power: 0.1W (20dBm)<br>Maximum output: 2.5W (34dBm) 5.0V power supply<br>5.0W (37dBm) 7.2V power supply<br>8.0W (39dBm) 10.0V power supply (not recommended)<br>Operating voltage: 5 - 7.2V (DC)<br>Operating current: 1 - 2A (determined by output power)<br>RF connector: standard SMA female head<br>Dimensions: 50*50*15mm (L*W*H)<br>Product weight: 55g<\/p>\n<p>Package contents:<\/p>\n<p>1 x 433MHz 5W RF Power Amplifier<\/p>","protected":false},"excerpt":{"rendered":"<p>\u00dcr\u00fcn Kullan\u0131m\u0131: Geni\u015f bant RF k\u00fc\u00e7\u00fck g\u00fc\u00e7 amplifikat\u00f6r\u00fc, kablosuz uzaktan kumanda, telsiz ve di\u011fer f\u0131rlatma kullan\u0131mlar\u0131 gibi her t\u00fcrl\u00fc 380&#8211;450MHz<\/p>","protected":false},"featured_media":18451,"comment_status":"open","ping_status":"closed","template":"","meta":{"_monsterinsights_skip_tracking":false,"_monsterinsights_sitenote_active":false,"_monsterinsights_sitenote_note":"","_monsterinsights_sitenote_category":0},"product_cat":[448],"product_tag":[],"aioseo_notices":[],"jetpack_sharing_enabled":true,"_links":{"self":[{"href":"https:\/\/digitaltarget.com.tr\/en\/wp-json\/wp\/v2\/product\/18450"}],"collection":[{"href":"https:\/\/digitaltarget.com.tr\/en\/wp-json\/wp\/v2\/product"}],"about":[{"href":"https:\/\/digitaltarget.com.tr\/en\/wp-json\/wp\/v2\/types\/product"}],"replies":[{"embeddable":true,"href":"https:\/\/digitaltarget.com.tr\/en\/wp-json\/wp\/v2\/comments?post=18450"}],"version-history":[{"count":3,"href":"https:\/\/digitaltarget.com.tr\/en\/wp-json\/wp\/v2\/product\/18450\/revisions"}],"predecessor-version":[{"id":19069,"href":"https:\/\/digitaltarget.com.tr\/en\/wp-json\/wp\/v2\/product\/18450\/revisions\/19069"}],"wp:featuredmedia":[{"embeddable":true,"href":"https:\/\/digitaltarget.com.tr\/en\/wp-json\/wp\/v2\/media\/18451"}],"wp:attachment":[{"href":"https:\/\/digitaltarget.com.tr\/en\/wp-json\/wp\/v2\/media?parent=18450"}],"wp:term":[{"taxonomy":"product_cat","embeddable":true,"href":"https:\/\/digitaltarget.com.tr\/en\/wp-json\/wp\/v2\/product_cat?post=18450"},{"taxonomy":"product_tag","embeddable":true,"href":"https:\/\/digitaltarget.com.tr\/en\/wp-json\/wp\/v2\/product_tag?post=18450"}],"curies":[{"name":"wp","href":"https:\/\/api.w.org\/{rel}","templated":true}]}}