{"id":18642,"date":"2024-06-26T08:53:05","date_gmt":"2024-06-26T08:53:05","guid":{"rendered":"https:\/\/digitaltarget.com.tr\/?post_type=product&#038;p=18642"},"modified":"2024-08-01T12:43:22","modified_gmt":"2024-08-01T12:43:22","slug":"mark-4-10-inch-carbon-fiber-quadcopter-frame","status":"publish","type":"product","link":"https:\/\/digitaltarget.com.tr\/en\/product\/mark-4-10-inch-carbon-fiber-quadcopter-frame\/","title":{"rendered":"Mark 4 10 inch Carbon Fiber Quadcopter Frame"},"content":{"rendered":"<h3>Product Description:<\/h3>\n<ul>\n<li>Name: Mark4-10inch<\/li>\n<li>Propeller: 10 inch<\/li>\n<li>Engine to engine: 473MM<\/li>\n<li>Arm plate 5MM<\/li>\n<li>Plaque size: 2,5MM<\/li>\n<li>Plaque Alt: 2,5MM<\/li>\n<li>Side plate: 2.5MM<\/li>\n<li>Camera slot size: 19.3mm<\/li>\n<li>Recommended configuration:<\/li>\n<li>Flight Controller: F3\/F4\/F405\/F7<\/li>\n<li>Engines 2807<\/li>\n<li>ESC: 55A-60A<\/li>\n<li>Propeller: 10 inch<\/li>\n<\/ul>\n<h3>The package includes:<\/h3>\n<ul>\n<li>1 Set of 10 inch 473 mm FPV Frame set<\/li>\n<\/ul>","protected":false},"excerpt":{"rendered":"<p>\u00dcr\u00fcn A\u00e7\u0131klamas\u0131: Ad\u0131: Mark4-10inch Pervane: 10 in\u00e7 Motordan motora: 473MM Kol plakas\u0131: 5MM \u00dcst plaka: 2,5MM Alt plaka: 2,5MM Yan<\/p>","protected":false},"featured_media":18643,"comment_status":"open","ping_status":"closed","template":"","meta":{"_monsterinsights_skip_tracking":false,"_monsterinsights_sitenote_active":false,"_monsterinsights_sitenote_note":"","_monsterinsights_sitenote_category":0},"product_cat":[349],"product_tag":[],"aioseo_notices":[],"jetpack_sharing_enabled":true,"_links":{"self":[{"href":"https:\/\/digitaltarget.com.tr\/en\/wp-json\/wp\/v2\/product\/18642"}],"collection":[{"href":"https:\/\/digitaltarget.com.tr\/en\/wp-json\/wp\/v2\/product"}],"about":[{"href":"https:\/\/digitaltarget.com.tr\/en\/wp-json\/wp\/v2\/types\/product"}],"replies":[{"embeddable":true,"href":"https:\/\/digitaltarget.com.tr\/en\/wp-json\/wp\/v2\/comments?post=18642"}],"version-history":[{"count":3,"href":"https:\/\/digitaltarget.com.tr\/en\/wp-json\/wp\/v2\/product\/18642\/revisions"}],"predecessor-version":[{"id":19067,"href":"https:\/\/digitaltarget.com.tr\/en\/wp-json\/wp\/v2\/product\/18642\/revisions\/19067"}],"wp:featuredmedia":[{"embeddable":true,"href":"https:\/\/digitaltarget.com.tr\/en\/wp-json\/wp\/v2\/media\/18643"}],"wp:attachment":[{"href":"https:\/\/digitaltarget.com.tr\/en\/wp-json\/wp\/v2\/media?parent=18642"}],"wp:term":[{"taxonomy":"product_cat","embeddable":true,"href":"https:\/\/digitaltarget.com.tr\/en\/wp-json\/wp\/v2\/product_cat?post=18642"},{"taxonomy":"product_tag","embeddable":true,"href":"https:\/\/digitaltarget.com.tr\/en\/wp-json\/wp\/v2\/product_tag?post=18642"}],"curies":[{"name":"wp","href":"https:\/\/api.w.org\/{rel}","templated":true}]}}