{"id":18645,"date":"2024-06-26T09:10:11","date_gmt":"2024-06-26T09:10:11","guid":{"rendered":"https:\/\/digitaltarget.com.tr\/?post_type=product&#038;p=18645"},"modified":"2024-08-01T12:40:20","modified_gmt":"2024-08-01T12:40:20","slug":"arris-600x500x-5mm-carbon-fiber-sheet","status":"publish","type":"product","link":"https:\/\/digitaltarget.com.tr\/en\/product\/arris-600x500x-5mm-carbon-fiber-sheet\/","title":{"rendered":"ARRIS 600x500x 5mm Carbon Fiber Levha"},"content":{"rendered":"<h2>Product Description:<\/h2>\n<p class=\"a-spacing-base\">ARRIS premium quality carbon fiber sheet is manufactured using 100% high strength carbon fiber reinforcement and epoxy resin with a smooth, glossy, cosmetic quality carbon fiber coating on both sides.<\/p>\n<p class=\"a-spacing-base\">Suitable for a wide range of structural and cosmetic applications in motorsport, marine, shopfitting, exhibitions, automation, medical, scientific and many more.<\/p>\n<ul class=\"a-unordered-list a-vertical\">\n<li class=\" translation-block\"><span class=\"a-list-item\"><span class=\"a-text-bold\">Lightweight : <\/span> Carbon fiber is 5 times lighter than steel (ASTM-A1008) and almost 2 times lighter than aluminum when compared to parts of similar dimensions.<\/span><\/li>\n<li class=\" translation-block\"><span class=\"a-list-item\"><span class=\"a-text-bold\">High Strength &amp; Stiffness<\/span>: Carbon fiber reinforced polymer (CFRP) has the highest specific strength and modulus (stiffness) per density compared to metal, plastic and wood.<\/span><\/li>\n<li class=\" translation-block\"><span class=\"a-list-item\"><span class=\"a-text-bold\">Low Thermal Expansion<\/span>: When metal is exposed to heat, it expands and weakens, which can cause problems and possible failure of the part. Carbon fiber has low thermal expansion.<\/span><\/li>\n<li class=\" translation-block\"><span class=\"a-list-item\"><span class=\"a-text-bold\">Low Thermal Conductivity<\/span>: Metal acts more as a conductor than steel, which can conduct or radiate heat to its surroundings and cause heat absorption. Carbon fiber has low thermal conductivity.<\/span><\/li>\n<li class=\" translation-block\"><span class=\"a-list-item\"><span class=\"a-text-bold\">RF Shielding:<\/span> Carbon Fiber works well to attenuate or block radio frequency waves, protecting your devices from scanners or people trying to access your data.<\/span><\/li>\n<\/ul>\n<p><img fetchpriority=\"high\" decoding=\"async\" class=\"aligncenter wp-image-18649 size-full\" src=\"http:\/\/digitaltarget.com.tr\/wp-content\/uploads\/2024\/06\/45241ac3-6779-4c1b-8635-3a9c786d0073.__CR00970600_PT0_SX970_V1___.jpg\" alt=\"\" width=\"970\" height=\"600\" srcset=\"https:\/\/digitaltarget.com.tr\/wp-content\/uploads\/2024\/06\/45241ac3-6779-4c1b-8635-3a9c786d0073.__CR00970600_PT0_SX970_V1___.jpg 970w, https:\/\/digitaltarget.com.tr\/wp-content\/uploads\/2024\/06\/45241ac3-6779-4c1b-8635-3a9c786d0073.__CR00970600_PT0_SX970_V1___-400x247.jpg 400w, https:\/\/digitaltarget.com.tr\/wp-content\/uploads\/2024\/06\/45241ac3-6779-4c1b-8635-3a9c786d0073.__CR00970600_PT0_SX970_V1___-768x475.jpg 768w, https:\/\/digitaltarget.com.tr\/wp-content\/uploads\/2024\/06\/45241ac3-6779-4c1b-8635-3a9c786d0073.__CR00970600_PT0_SX970_V1___-18x12.jpg 18w, https:\/\/digitaltarget.com.tr\/wp-content\/uploads\/2024\/06\/45241ac3-6779-4c1b-8635-3a9c786d0073.__CR00970600_PT0_SX970_V1___-860x532.jpg 860w, https:\/\/digitaltarget.com.tr\/wp-content\/uploads\/2024\/06\/45241ac3-6779-4c1b-8635-3a9c786d0073.__CR00970600_PT0_SX970_V1___-430x266.jpg 430w, https:\/\/digitaltarget.com.tr\/wp-content\/uploads\/2024\/06\/45241ac3-6779-4c1b-8635-3a9c786d0073.__CR00970600_PT0_SX970_V1___-700x433.jpg 700w, https:\/\/digitaltarget.com.tr\/wp-content\/uploads\/2024\/06\/45241ac3-6779-4c1b-8635-3a9c786d0073.__CR00970600_PT0_SX970_V1___-150x93.jpg 150w\" sizes=\"(max-width: 970px) 100vw, 970px\" \/> <img decoding=\"async\" width=\"970\" height=\"600\" class=\"aligncenter wp-image-18650 boyut-tam\" src=\"http:\/\/digitaltarget.com.tr\/wp-content\/uploads\/2024\/06\/b61c9702-ebf9-44c8-bf29-132cc056bc1b.__CR00970600_PT0_SX970_V1___.jpg\" alt=\"\" srcset=\"https:\/\/digitaltarget.com.tr\/wp-content\/uploads\/2024\/06\/b61c9702-ebf9-44c8-bf29-132cc056bc1b.__CR00970600_PT0_SX970_V1___.jpg 970w, https:\/\/digitaltarget.com.tr\/wp-content\/uploads\/2024\/06\/b61c9702-ebf9-44c8-bf29-132cc056bc1b.__CR00970600_PT0_SX970_V1___-400x247.jpg 400w, https:\/\/digitaltarget.com.tr\/wp-content\/uploads\/2024\/06\/b61c9702-ebf9-44c8-bf29-132cc056bc1b.__CR00970600_PT0_SX970_V1___-768x475.jpg 768w, https:\/\/digitaltarget.com.tr\/wp-content\/uploads\/2024\/06\/b61c9702-ebf9-44c8-bf29-132cc056bc1b.__CR00970600_PT0_SX970_V1___-18x12.jpg 18w, https:\/\/digitaltarget.com.tr\/wp-content\/uploads\/2024\/06\/b61c9702-ebf9-44c8-bf29-132cc056bc1b.__CR00970600_PT0_SX970_V1___-860x532.jpg 860w, https:\/\/digitaltarget.com.tr\/wp-content\/uploads\/2024\/06\/b61c9702-ebf9-44c8-bf29-132cc056bc1b.__CR00970600_PT0_SX970_V1___-430x266.jpg 430w, https:\/\/digitaltarget.com.tr\/wp-content\/uploads\/2024\/06\/b61c9702-ebf9-44c8-bf29-132cc056bc1b.__CR00970600_PT0_SX970_V1___-700x433.jpg 700w, https:\/\/digitaltarget.com.tr\/wp-content\/uploads\/2024\/06\/b61c9702-ebf9-44c8-bf29-132cc056bc1b.__CR00970600_PT0_SX970_V1___-150x93.jpg 150w\" sizes=\"(max-width: 970px) 100vw, 970px\" \/><\/p>","protected":false},"excerpt":{"rendered":"<p>\u00dcr\u00fcn A\u00e7\u0131klamas\u0131: ARRIS birinci s\u0131n\u0131f kalite karbon fiber levha, her iki taraf\u0131nda p\u00fcr\u00fczs\u00fcz, parlak, kozmetik kalitede karbon fiber kaplama ile<\/p>","protected":false},"featured_media":18646,"comment_status":"open","ping_status":"closed","template":"","meta":{"_monsterinsights_skip_tracking":false,"_monsterinsights_sitenote_active":false,"_monsterinsights_sitenote_note":"","_monsterinsights_sitenote_category":0},"product_cat":[431,349],"product_tag":[],"aioseo_notices":[],"jetpack_sharing_enabled":true,"_links":{"self":[{"href":"https:\/\/digitaltarget.com.tr\/en\/wp-json\/wp\/v2\/product\/18645"}],"collection":[{"href":"https:\/\/digitaltarget.com.tr\/en\/wp-json\/wp\/v2\/product"}],"about":[{"href":"https:\/\/digitaltarget.com.tr\/en\/wp-json\/wp\/v2\/types\/product"}],"replies":[{"embeddable":true,"href":"https:\/\/digitaltarget.com.tr\/en\/wp-json\/wp\/v2\/comments?post=18645"}],"version-history":[{"count":2,"href":"https:\/\/digitaltarget.com.tr\/en\/wp-json\/wp\/v2\/product\/18645\/revisions"}],"predecessor-version":[{"id":19065,"href":"https:\/\/digitaltarget.com.tr\/en\/wp-json\/wp\/v2\/product\/18645\/revisions\/19065"}],"wp:featuredmedia":[{"embeddable":true,"href":"https:\/\/digitaltarget.com.tr\/en\/wp-json\/wp\/v2\/media\/18646"}],"wp:attachment":[{"href":"https:\/\/digitaltarget.com.tr\/en\/wp-json\/wp\/v2\/media?parent=18645"}],"wp:term":[{"taxonomy":"product_cat","embeddable":true,"href":"https:\/\/digitaltarget.com.tr\/en\/wp-json\/wp\/v2\/product_cat?post=18645"},{"taxonomy":"product_tag","embeddable":true,"href":"https:\/\/digitaltarget.com.tr\/en\/wp-json\/wp\/v2\/product_tag?post=18645"}],"curies":[{"name":"wp","href":"https:\/\/api.w.org\/{rel}","templated":true}]}}