{"id":18652,"date":"2024-06-26T09:30:31","date_gmt":"2024-06-26T09:30:31","guid":{"rendered":"https:\/\/digitaltarget.com.tr\/?post_type=product&#038;p=18652"},"modified":"2024-09-23T08:36:09","modified_gmt":"2024-09-23T08:36:09","slug":"hskrc-xl9-9inch-frame-kits-for-fpv-freestyle-long-range-diy-parts","status":"publish","type":"product","link":"https:\/\/digitaltarget.com.tr\/en\/product\/hskrc-xl9-9inch-frame-kits-for-fpv-freestyle-long-range-diy-parts\/","title":{"rendered":"HSKRC XL9\/9 inch Frame Kits for FPV Freestyle Long Range DIY Parts"},"content":{"rendered":"<h3><strong>Description:<\/strong><\/h3>\n<p>This freestyle frame not only allows the use of M3x28mm spacers, but also offers a reversible build orientation for a true mid-mount installation, giving ultimate control over weight distribution and CoG.<\/p>\n<div id=\"jspromsgwrap\">\n<h3 aria-cont=\"productdetails\"><strong>Specifications:<\/strong><\/h3>\n<div aria-cont=\"productdetails\" class=\" translation-block\">Brand Name: HSKRC<br>Product Name: XL9 Frame kit<br>Wheel Distance: 390mm<br>Material: Carbon Fiber + Aluminum column<br>Arm board: 4mm<br>Center board: 2mm<br>Camera mounting distance: 22mm<br>Frame Area: 23mm (supports flight tower with 2 boards)<br>Flight Controller: F3\/F4 30.5\u00d730.5mm mounting hole<\/div>\n<div aria-cont=\"productdetails\">\n<table border=\"1\" cellspacing=\"1\" cellpadding=\"1\">\n<tbody>\n<tr>\n<td><\/td>\n<td>XL9<\/td>\n<\/tr>\n<tr>\n<td>Wheel spacing<\/td>\n<td>390mm<\/td>\n<\/tr>\n<tr>\n<td>Weight<\/td>\n<td>154g<\/td>\n<\/tr>\n<tr>\n<td>Propeller (Recommended)<\/td>\n<td>9 \u0130nch<\/td>\n<\/tr>\n<tr>\n<td>Motor (Recommended)<\/td>\n<td>2212-2306<\/td>\n<\/tr>\n<tr>\n<td>ESC (Recommended)<\/td>\n<td>30-60A<\/td>\n<\/tr>\n<tr>\n<td>Battery (Recommended)<\/td>\n<td>3300mAh<\/td>\n<\/tr>\n<\/tbody>\n<\/table>\n<h3><strong>Package Content:<\/strong><\/h3>\n<p class=\" translation-block\">4 x Frame Handle<br>1 x 2mm Center Board<br>8 x 30mm Aluminum Column<br>5 x M3*6 Screws<br>5 x M3*10 Screws<br>20 x M3*6 Screws<br>8 x M3*6+6 Nylon Column<br>1 x Flight Controller Insulation Plate<\/p>\n<\/div>\n<\/div>","protected":false},"excerpt":{"rendered":"<p>A\u00e7\u0131klama: Bu serbest stil \u00e7er\u00e7evesi, yaln\u0131zca M3x28mm ara par\u00e7alar\u0131n kullan\u0131m\u0131na izin vermekle kalmay\u0131p, ayn\u0131 zamanda ger\u00e7ek bir orta montaj kurulumu<\/p>","protected":false},"featured_media":18654,"comment_status":"open","ping_status":"closed","template":"","meta":{"_monsterinsights_skip_tracking":false,"_monsterinsights_sitenote_active":false,"_monsterinsights_sitenote_note":"","_monsterinsights_sitenote_category":0},"product_cat":[349],"product_tag":[],"aioseo_notices":[],"jetpack_sharing_enabled":true,"_links":{"self":[{"href":"https:\/\/digitaltarget.com.tr\/en\/wp-json\/wp\/v2\/product\/18652"}],"collection":[{"href":"https:\/\/digitaltarget.com.tr\/en\/wp-json\/wp\/v2\/product"}],"about":[{"href":"https:\/\/digitaltarget.com.tr\/en\/wp-json\/wp\/v2\/types\/product"}],"replies":[{"embeddable":true,"href":"https:\/\/digitaltarget.com.tr\/en\/wp-json\/wp\/v2\/comments?post=18652"}],"version-history":[{"count":3,"href":"https:\/\/digitaltarget.com.tr\/en\/wp-json\/wp\/v2\/product\/18652\/revisions"}],"predecessor-version":[{"id":18861,"href":"https:\/\/digitaltarget.com.tr\/en\/wp-json\/wp\/v2\/product\/18652\/revisions\/18861"}],"wp:featuredmedia":[{"embeddable":true,"href":"https:\/\/digitaltarget.com.tr\/en\/wp-json\/wp\/v2\/media\/18654"}],"wp:attachment":[{"href":"https:\/\/digitaltarget.com.tr\/en\/wp-json\/wp\/v2\/media?parent=18652"}],"wp:term":[{"taxonomy":"product_cat","embeddable":true,"href":"https:\/\/digitaltarget.com.tr\/en\/wp-json\/wp\/v2\/product_cat?post=18652"},{"taxonomy":"product_tag","embeddable":true,"href":"https:\/\/digitaltarget.com.tr\/en\/wp-json\/wp\/v2\/product_tag?post=18652"}],"curies":[{"name":"wp","href":"https:\/\/api.w.org\/{rel}","templated":true}]}}