{"id":18656,"date":"2024-06-26T09:59:59","date_gmt":"2024-06-26T09:59:59","guid":{"rendered":"https:\/\/digitaltarget.com.tr\/?post_type=product&#038;p=18656"},"modified":"2025-01-27T13:52:41","modified_gmt":"2025-01-27T13:52:41","slug":"tbs-crossfire-nano-se-receiver-immortal-t-v2-antenna-rx-crsf-915-868mhz-rc-remote-radio-system","status":"publish","type":"product","link":"https:\/\/digitaltarget.com.tr\/en\/product\/tbs-crossfire-nano-se-receiver-immortal-t-v2-antenna-rx-crsf-915-868mhz-rc-remote-radio-system\/","title":{"rendered":"TBS Crossfire Nano SE Receiver Immortal T V2 Antenna RX CRSF 915\/868Mhz RC Remote Radio System"},"content":{"rendered":"<h3>Description:<\/h3>\n<p>TBS is upping its long range\/UHF game with no competitor in sight! With our TBS Crossfire Nano RX we have condensed 2 years of engineering experience, listened to our customers' needs and pushed ourselves to the maximum (or in this case, minimum!). The result is a full-range receiver that is the smallest in size of any receiver in the industry (Yes, it's smaller than the XM+).<\/p>\n<h3>Specifications:<\/h3>\n<ul>\n<li>Weight: 0.5 g (receiver only)<\/li>\n<li>Dimensions: 11 mm x 18 mm<\/li>\n<li>Requirements Firmware V2.25<\/li>\n<\/ul>\n<h3>Package Content:<\/h3>\n<ul>\n<li>1x TBS Crossfire Nano Receiver<\/li>\n<li>1x TBS Crossfire Immortal T V2 antenna<\/li>\n<li>1x spare heat shrink tube<\/li>\n<li>6x 30AWG silicone connection wires (2 black, 2 red, 1 white, 1 yellow)<\/li>\n<li>1x 1\u00d74 pin header<\/li>\n<\/ul>","protected":false},"excerpt":{"rendered":"<p>A\u00e7\u0131klama: TBS, g\u00f6r\u00fcn\u00fcrde bir rakip olmadan uzun menzilli\/UHF oyununu geli\u015ftiriyor! TBS Crossfire Nano RX&#8217;imizle 2 y\u0131ll\u0131k m\u00fchendislik deneyimimizi yo\u011funla\u015ft\u0131rd\u0131k, m\u00fc\u015fterilerimizin<\/p>","protected":false},"featured_media":18657,"comment_status":"open","ping_status":"closed","template":"","meta":{"_monsterinsights_skip_tracking":false,"_monsterinsights_sitenote_active":false,"_monsterinsights_sitenote_note":"","_monsterinsights_sitenote_category":0},"product_cat":[435,438],"product_tag":[],"aioseo_notices":[],"jetpack_sharing_enabled":true,"_links":{"self":[{"href":"https:\/\/digitaltarget.com.tr\/en\/wp-json\/wp\/v2\/product\/18656"}],"collection":[{"href":"https:\/\/digitaltarget.com.tr\/en\/wp-json\/wp\/v2\/product"}],"about":[{"href":"https:\/\/digitaltarget.com.tr\/en\/wp-json\/wp\/v2\/types\/product"}],"replies":[{"embeddable":true,"href":"https:\/\/digitaltarget.com.tr\/en\/wp-json\/wp\/v2\/comments?post=18656"}],"version-history":[{"count":2,"href":"https:\/\/digitaltarget.com.tr\/en\/wp-json\/wp\/v2\/product\/18656\/revisions"}],"predecessor-version":[{"id":19064,"href":"https:\/\/digitaltarget.com.tr\/en\/wp-json\/wp\/v2\/product\/18656\/revisions\/19064"}],"wp:featuredmedia":[{"embeddable":true,"href":"https:\/\/digitaltarget.com.tr\/en\/wp-json\/wp\/v2\/media\/18657"}],"wp:attachment":[{"href":"https:\/\/digitaltarget.com.tr\/en\/wp-json\/wp\/v2\/media?parent=18656"}],"wp:term":[{"taxonomy":"product_cat","embeddable":true,"href":"https:\/\/digitaltarget.com.tr\/en\/wp-json\/wp\/v2\/product_cat?post=18656"},{"taxonomy":"product_tag","embeddable":true,"href":"https:\/\/digitaltarget.com.tr\/en\/wp-json\/wp\/v2\/product_tag?post=18656"}],"curies":[{"name":"wp","href":"https:\/\/api.w.org\/{rel}","templated":true}]}}