{"id":18662,"date":"2024-06-26T10:32:10","date_gmt":"2024-06-26T10:32:10","guid":{"rendered":"https:\/\/digitaltarget.com.tr\/?post_type=product&#038;p=18662"},"modified":"2024-10-31T11:01:13","modified_gmt":"2024-10-31T11:01:13","slug":"tbs-crossfire-nano-tx-se-v2-receiver","status":"publish","type":"product","link":"https:\/\/digitaltarget.com.tr\/en\/product\/tbs-crossfire-nano-tx-se-v2-receiver\/","title":{"rendered":"TBS CROSSFIRE NANO TX SE V2 Receiver"},"content":{"rendered":"<h3>Description:<\/h3>\n<ul>\n<li>Long-range, adaptable and robust remote control system for your aircraft<\/li>\n<li>Immunity to inflight noise<\/li>\n<li>Two-way communication link with real-time connectivity vitals and telemetry<\/li>\n<li>Self-healing and frequency hopping (DSSS, FHSS)<\/li>\n<li>Adaptive bandwidth control and range optimization<\/li>\n<li>Super easy connection and configuration via your R\/C's built-in display<\/li>\n<li>Low latency, 150 Hz update rate (3 times faster than typical RC links) control for excellent immersive feel<\/li>\n<li>Two receiver models: 8-port Diversity Rx, 4-port Mini receiver (4 g weight!)<\/li>\n<li>8 or 12-channel output via SBUS\/PPM\/CRSF on both receivers<\/li>\n<li>Ability to fly with multiple friends (10 or more) at the same time<\/li>\n<li>25 mW to 250 mW selectable RF power (local restrictions apply)<\/li>\n<li>Transmitter LED indicates connection status<\/li>\n<li>Micro receiver for smaller drones. Smaller than you think!<\/li>\n<li>Software updates via RF Link<\/li>\n<\/ul>\n<h3>Technical Specifications:<\/h3>\n<ul>\n<li>Frequency Bands: 868MHz (EU, Russia) \/ 915MHz (USA, Asia, Australia)<\/li>\n<li>Input Voltage: 3,5 - 13V<\/li>\n<li>Connector USB-C<\/li>\n<li>Power consumption: 1.1W (@10mW) - 2W (@100mW)<\/li>\n<li>Dimensions: 64 x 42 x 25 mm (Nano TX module size)<\/li>\n<li>Weight: 48g<\/li>\n<\/ul>\n<h3>Package Content:<\/h3>\n<ul>\n<li>1 x TBS Crossfire Nano TX<\/li>\n<\/ul>","protected":false},"excerpt":{"rendered":"<p>A\u00e7\u0131klama: U\u00e7a\u011f\u0131n\u0131z i\u00e7in uzun menzilli, uyarlanabilir ve sa\u011flam uzaktan kumanda sistemi U\u00e7ak i\u00e7i g\u00fcr\u00fclt\u00fcye kar\u015f\u0131 ba\u011f\u0131\u015f\u0131kl\u0131k Ger\u00e7ek zamanl\u0131 ba\u011flant\u0131 hayati<\/p>","protected":false},"featured_media":18663,"comment_status":"open","ping_status":"closed","template":"","meta":{"_monsterinsights_skip_tracking":false,"_monsterinsights_sitenote_active":false,"_monsterinsights_sitenote_note":"","_monsterinsights_sitenote_category":0},"product_cat":[435,356],"product_tag":[],"aioseo_notices":[],"jetpack_sharing_enabled":true,"_links":{"self":[{"href":"https:\/\/digitaltarget.com.tr\/en\/wp-json\/wp\/v2\/product\/18662"}],"collection":[{"href":"https:\/\/digitaltarget.com.tr\/en\/wp-json\/wp\/v2\/product"}],"about":[{"href":"https:\/\/digitaltarget.com.tr\/en\/wp-json\/wp\/v2\/types\/product"}],"replies":[{"embeddable":true,"href":"https:\/\/digitaltarget.com.tr\/en\/wp-json\/wp\/v2\/comments?post=18662"}],"version-history":[{"count":2,"href":"https:\/\/digitaltarget.com.tr\/en\/wp-json\/wp\/v2\/product\/18662\/revisions"}],"predecessor-version":[{"id":19063,"href":"https:\/\/digitaltarget.com.tr\/en\/wp-json\/wp\/v2\/product\/18662\/revisions\/19063"}],"wp:featuredmedia":[{"embeddable":true,"href":"https:\/\/digitaltarget.com.tr\/en\/wp-json\/wp\/v2\/media\/18663"}],"wp:attachment":[{"href":"https:\/\/digitaltarget.com.tr\/en\/wp-json\/wp\/v2\/media?parent=18662"}],"wp:term":[{"taxonomy":"product_cat","embeddable":true,"href":"https:\/\/digitaltarget.com.tr\/en\/wp-json\/wp\/v2\/product_cat?post=18662"},{"taxonomy":"product_tag","embeddable":true,"href":"https:\/\/digitaltarget.com.tr\/en\/wp-json\/wp\/v2\/product_tag?post=18662"}],"curies":[{"name":"wp","href":"https:\/\/api.w.org\/{rel}","templated":true}]}}