{"id":18665,"date":"2024-06-26T10:56:12","date_gmt":"2024-06-26T10:56:12","guid":{"rendered":"https:\/\/digitaltarget.com.tr\/?post_type=product&#038;p=18665"},"modified":"2024-08-01T12:36:45","modified_gmt":"2024-08-01T12:36:45","slug":"2-20a-high-current-remote-control-electronic-switch-3-30v-aerial-model-plant-protection-rc-drone-water-pump-pwm-signal-control","status":"publish","type":"product","link":"https:\/\/digitaltarget.com.tr\/en\/product\/2-20a-high-current-remote-control-electronic-switch-3-30v-aerial-model-plant-protection-rc-drone-water-pump-pwm-signal-control\/","title":{"rendered":"2-20A High Current Remote Control Electronic Switch 3-30V Aerial Model Plant Protection RC Drone Water Pump PWM Signal Control"},"content":{"rendered":"<h3>Product Specifications:<\/h3>\n<ul>\n<li>Operating voltage: 3.0V - 30V (high voltage version)<\/li>\n<li>Output current: 20A (high voltage version)<\/li>\n<li>Weight: 5 g (high pressure version)<\/li>\n<li>The key is controlled by a 2-stage switch on the remote control<\/li>\n<\/ul>\n<div>\n<div id=\"nav-specification\" class=\"specification--wrap--AJDJwYn\" data-pl=\"product-specs\">\n<div class=\"specification--prop--RejitI8\">\n<ul>\n<li class=\"specification--title--UbVeyic\" data-spm-anchor-id=\"a2g0o.detail.0.i19.18c1557Q557QJA\">Quantity: 1 piece<\/li>\n<li class=\"specification--title--UbVeyic\" data-spm-anchor-id=\"a2g0o.detail.0.i19.18c1557Q557QJA\">Wheelbase: Screws<\/li>\n<li class=\"specification--title--UbVeyic\" data-spm-anchor-id=\"a2g0o.detail.0.i19.18c1557Q557QJA\">Technical parameters: Value 2<\/li>\n<li class=\"specification--title--UbVeyic\" data-spm-anchor-id=\"a2g0o.detail.0.i19.18c1557Q557QJA\">Model Number: 2-20A Electronic Switch<\/li>\n<li class=\"specification--title--UbVeyic\" data-spm-anchor-id=\"a2g0o.detail.0.i19.18c1557Q557QJA\">For Vehicle Type: Aircraft<\/li>\n<li class=\"specification--title--UbVeyic\" data-spm-anchor-id=\"a2g0o.detail.0.i19.18c1557Q557QJA\">Tool Materials: Assembled grade<\/li>\n<li class=\"specification--title--UbVeyic\" data-spm-anchor-id=\"a2g0o.detail.0.i19.18c1557Q557QJA\">All-Wheel Drive Features: Assembly<\/li>\n<li class=\"specification--title--UbVeyic\" data-spm-anchor-id=\"a2g0o.detail.0.i19.18c1557Q557QJA\">Remote Control Peripherals\/Devices: RECEIVERS<\/li>\n<li class=\"specification--title--UbVeyic\" data-spm-anchor-id=\"a2g0o.detail.0.i19.18c1557Q557QJA\">Upgrade Parts\/Accessories: Adapter<\/li>\n<li class=\"specification--title--UbVeyic\" data-spm-anchor-id=\"a2g0o.detail.0.i19.18c1557Q557QJA\">RC Parts and Accessories: Connectors\/Wiring<\/li>\n<li class=\"specification--title--UbVeyic\" data-spm-anchor-id=\"a2g0o.detail.0.i19.18c1557Q557QJA\">Material: Metal\n<div class=\"specification--prop--RejitI8\"><\/div>\n<\/li>\n<\/ul>\n<\/div>\n<\/div>\n<\/div>","protected":false},"excerpt":{"rendered":"<p>\u00dcr\u00fcn \u00d6zellikleri: \u00c7al\u0131\u015fma voltaj\u0131:\u00a0 3,0V &#8212; 30V (y\u00fcksek voltajl\u0131 versiyon) \u00c7\u0131k\u0131\u015f ak\u0131m\u0131: 20A (y\u00fcksek voltajl\u0131 versiyon) A\u011f\u0131rl\u0131k: 5 g (y\u00fcksek<\/p>","protected":false},"featured_media":18666,"comment_status":"open","ping_status":"closed","template":"","meta":{"_monsterinsights_skip_tracking":false,"_monsterinsights_sitenote_active":false,"_monsterinsights_sitenote_note":"","_monsterinsights_sitenote_category":0},"product_cat":[383],"product_tag":[],"aioseo_notices":[],"jetpack_sharing_enabled":true,"_links":{"self":[{"href":"https:\/\/digitaltarget.com.tr\/en\/wp-json\/wp\/v2\/product\/18665"}],"collection":[{"href":"https:\/\/digitaltarget.com.tr\/en\/wp-json\/wp\/v2\/product"}],"about":[{"href":"https:\/\/digitaltarget.com.tr\/en\/wp-json\/wp\/v2\/types\/product"}],"replies":[{"embeddable":true,"href":"https:\/\/digitaltarget.com.tr\/en\/wp-json\/wp\/v2\/comments?post=18665"}],"version-history":[{"count":2,"href":"https:\/\/digitaltarget.com.tr\/en\/wp-json\/wp\/v2\/product\/18665\/revisions"}],"predecessor-version":[{"id":19062,"href":"https:\/\/digitaltarget.com.tr\/en\/wp-json\/wp\/v2\/product\/18665\/revisions\/19062"}],"wp:featuredmedia":[{"embeddable":true,"href":"https:\/\/digitaltarget.com.tr\/en\/wp-json\/wp\/v2\/media\/18666"}],"wp:attachment":[{"href":"https:\/\/digitaltarget.com.tr\/en\/wp-json\/wp\/v2\/media?parent=18665"}],"wp:term":[{"taxonomy":"product_cat","embeddable":true,"href":"https:\/\/digitaltarget.com.tr\/en\/wp-json\/wp\/v2\/product_cat?post=18665"},{"taxonomy":"product_tag","embeddable":true,"href":"https:\/\/digitaltarget.com.tr\/en\/wp-json\/wp\/v2\/product_tag?post=18665"}],"curies":[{"name":"wp","href":"https:\/\/api.w.org\/{rel}","templated":true}]}}