{"id":18668,"date":"2024-06-26T11:16:49","date_gmt":"2024-06-26T11:16:49","guid":{"rendered":"https:\/\/digitaltarget.com.tr\/?post_type=product&#038;p=18668"},"modified":"2024-08-01T12:34:41","modified_gmt":"2024-08-01T12:34:41","slug":"sunpadow-6s-lipo-battery-for-7100-22-2v-70c-with-xt60-plug-with-rc-airplane-helicopter-drone-fpv-quadcopter-lipo-batteries","status":"publish","type":"product","link":"https:\/\/digitaltarget.com.tr\/en\/product\/sunpadow-6s-lipo-battery-for-7100-22-2v-70c-with-xt60-plug-with-rc-airplane-helicopter-drone-fpv-quadcopter-lipo-batteries\/","title":{"rendered":"SUNPADOW 6S Lipo Battery 7100 22.2V 70C XT60 Plug in RC Aircraft Helicopter UAV FPV Quadcopter lipo batteries"},"content":{"rendered":"<h3><img fetchpriority=\"high\" decoding=\"async\" class=\"alignnone wp-image-18672 size-full\" src=\"http:\/\/digitaltarget.com.tr\/wp-content\/uploads\/2024\/06\/Sa2424ee0163b4762a1f37c68eede3286m-1.webp\" alt=\"\" width=\"1000\" height=\"1000\" srcset=\"https:\/\/digitaltarget.com.tr\/wp-content\/uploads\/2024\/06\/Sa2424ee0163b4762a1f37c68eede3286m-1.webp 1000w, https:\/\/digitaltarget.com.tr\/wp-content\/uploads\/2024\/06\/Sa2424ee0163b4762a1f37c68eede3286m-1-300x300.webp 300w, https:\/\/digitaltarget.com.tr\/wp-content\/uploads\/2024\/06\/Sa2424ee0163b4762a1f37c68eede3286m-1-800x800.webp 800w, https:\/\/digitaltarget.com.tr\/wp-content\/uploads\/2024\/06\/Sa2424ee0163b4762a1f37c68eede3286m-1-150x150.webp 150w, https:\/\/digitaltarget.com.tr\/wp-content\/uploads\/2024\/06\/Sa2424ee0163b4762a1f37c68eede3286m-1-768x768.webp 768w, https:\/\/digitaltarget.com.tr\/wp-content\/uploads\/2024\/06\/Sa2424ee0163b4762a1f37c68eede3286m-1-12x12.webp 12w, https:\/\/digitaltarget.com.tr\/wp-content\/uploads\/2024\/06\/Sa2424ee0163b4762a1f37c68eede3286m-1-860x860.webp 860w, https:\/\/digitaltarget.com.tr\/wp-content\/uploads\/2024\/06\/Sa2424ee0163b4762a1f37c68eede3286m-1-430x430.webp 430w, https:\/\/digitaltarget.com.tr\/wp-content\/uploads\/2024\/06\/Sa2424ee0163b4762a1f37c68eede3286m-1-700x700.webp 700w\" sizes=\"(max-width: 1000px) 100vw, 1000px\" \/><\/h3>\n<h3>Description:<\/h3>\n<ul>\n<li>Model: 7100mAh-6S1P-22.2V-70C<\/li>\n<li>Configuration\uff1a6S1P<\/li>\n<li>Capacity\uff1a7100mAh<\/li>\n<li>Voltage\uff1a22.2V<\/li>\n<li>Fixed Rate\uff1a70C<\/li>\n<li>Dimensions: 157*58*45mm\/6.18*2.28*1.77in<\/li>\n<li>Weight: 826g\/1.82lb<\/li>\n<li>Connection Type: XT60 plug<\/li>\n<\/ul>\n<div class=\"detailmodule_text\">\n<h3 class=\"detail-desc-decorate-title\">Feature<\/h3>\n<p class=\" translation-block\">1.Selected premium materials.<br>2.Low resistance, high reliability, good consistency.<br>3.Light weight and small size, long battery life, high specific power.<br>4.Great value without performance loss.<\/p>\n<div data-spm-anchor-id=\"a2g0o.detail.1000023.i3.7b13OfICOfICvK\"><\/div>\n<\/div>\n<div class=\"detailmodule_text\">\n<h3 class=\"detail-desc-decorate-title\">Warning<\/h3>\n<p data-spm-anchor-id=\"a2g0o.detail.1000023.i4.7b13OfICOfICvK\" class=\" translation-block\">1. Only if the voltage, size and plug match, then it will fit.<br>2. Check the battery condition carefully before using or charging.<br>3. Do not overcharge more than 4.2 V and over discharge below 3.2 V, never leave the battery unattended when charging. 4.If the new battery does not hold a full charge or runs out of charge very quickly in a short time, please use the Balance Charger to charge it several times first and recycle it.<\/p>\n<\/div>","protected":false},"excerpt":{"rendered":"<p>A\u00e7\u0131klama: Model: 7100mAh-6S1P-22.2V-70C Yap\u0131land\u0131rma\uff1a6S1P Kapasite\uff1a7100mAh Voltaj\uff1a22.2V Sabit Oran\uff1a70C Boyutlar: 157*58*45mm\/6.18*2.28*1.77in A\u011f\u0131rl\u0131k: 826g\/1.82lb Ba\u011flant\u0131 T\u00fcr\u00fc: XT60 fi\u015fi \u00d6zellik 1.Se\u00e7ilmi\u015f birinci s\u0131n\u0131f<\/p>","protected":false},"featured_media":18669,"comment_status":"open","ping_status":"closed","template":"","meta":{"_monsterinsights_skip_tracking":false,"_monsterinsights_sitenote_active":false,"_monsterinsights_sitenote_note":"","_monsterinsights_sitenote_category":0},"product_cat":[352],"product_tag":[],"aioseo_notices":[],"jetpack_sharing_enabled":true,"_links":{"self":[{"href":"https:\/\/digitaltarget.com.tr\/en\/wp-json\/wp\/v2\/product\/18668"}],"collection":[{"href":"https:\/\/digitaltarget.com.tr\/en\/wp-json\/wp\/v2\/product"}],"about":[{"href":"https:\/\/digitaltarget.com.tr\/en\/wp-json\/wp\/v2\/types\/product"}],"replies":[{"embeddable":true,"href":"https:\/\/digitaltarget.com.tr\/en\/wp-json\/wp\/v2\/comments?post=18668"}],"version-history":[{"count":3,"href":"https:\/\/digitaltarget.com.tr\/en\/wp-json\/wp\/v2\/product\/18668\/revisions"}],"predecessor-version":[{"id":19061,"href":"https:\/\/digitaltarget.com.tr\/en\/wp-json\/wp\/v2\/product\/18668\/revisions\/19061"}],"wp:featuredmedia":[{"embeddable":true,"href":"https:\/\/digitaltarget.com.tr\/en\/wp-json\/wp\/v2\/media\/18669"}],"wp:attachment":[{"href":"https:\/\/digitaltarget.com.tr\/en\/wp-json\/wp\/v2\/media?parent=18668"}],"wp:term":[{"taxonomy":"product_cat","embeddable":true,"href":"https:\/\/digitaltarget.com.tr\/en\/wp-json\/wp\/v2\/product_cat?post=18668"},{"taxonomy":"product_tag","embeddable":true,"href":"https:\/\/digitaltarget.com.tr\/en\/wp-json\/wp\/v2\/product_tag?post=18668"}],"curies":[{"name":"wp","href":"https:\/\/api.w.org\/{rel}","templated":true}]}}