{"id":18688,"date":"2024-06-26T12:06:57","date_gmt":"2024-06-26T12:06:57","guid":{"rendered":"https:\/\/digitaltarget.com.tr\/?post_type=product&#038;p=18688"},"modified":"2024-08-01T12:20:59","modified_gmt":"2024-08-01T12:20:59","slug":"super-high-accuracy-dual-channel-temperature-calibration-pt100-pt1000-digital-thermometers","status":"publish","type":"product","link":"https:\/\/digitaltarget.com.tr\/en\/product\/super-high-accuracy-dual-channel-temperature-calibration-pt100-pt1000-digital-thermometers\/","title":{"rendered":"Super High Accuracy Dual Channel Temperature Calibration PT100 PT1000 Digital Thermometers"},"content":{"rendered":"<h3><strong>FEATURES<\/strong><\/h3>\n<p class=\" translation-block\">- 32-Bit High Speed Low Power Processing Unit<br>- Input Multiplexer with Two Differential Channels<br>- PT100 and PT1000 Probes Supported Meanwhile<br>- 0.001\u00b0C Maximum Resolution<br>- \u00b10.05\u00b0C Factory Accuracy<br>- Achieve Higher Accuracy: \u00b10.015\u00b0C After Point Calibrated<br>- Supports Wide Measurement Range of -200\u00b0C ~ +800\u00b0C<br>- Display Temperature Curve Table<br>- Alarm Limit Settings and Audible Alarm<br>- LCD Display Maximum, Minimum, Average<br>- Sampling Rate 1 time per second<br>- Support Save 20.000 Sets of Temperature Data<br>- Supports Creating 4 File Formats<br>- Supports Multiple Power Options<br>- Backlighting<\/p>\n<h3><strong>APPLICATIONS<\/strong><\/h3>\n<p class=\" translation-block\">- Laboratory Physical Measurement, Recording<br>- Food<br>- Pharmaceutical<br>- Home, Industrial, Aviation<br>- Cold Chain Transportation<br>- Car Market<br>- Metal Processing<br>- Livestock<br>- Supermarket<\/p>\n<h3><strong>FEATURES<\/strong><\/h3>\n<div class=\"rich-text-table\">\n<table border=\"0\" cellspacing=\"0\">\n<tbody>\n<tr>\n<td><\/td>\n<td><strong>PT100 Type<\/strong><\/td>\n<td><strong>PT1000 Type<\/strong><\/td>\n<\/tr>\n<tr>\n<td><strong>Temperature Unit<\/strong><\/td>\n<td colspan=\"2\">\u00b0C \/ \u00b0F<\/td>\n<\/tr>\n<tr>\n<td><strong>Measurement Range<\/strong><\/td>\n<td colspan=\"2\">-200\u00b0C ~ +800\u00b0C<\/td>\n<\/tr>\n<tr>\n<td><strong>\u00a0Resolution<\/strong><\/td>\n<td>0,01\u00b0C (-200\u00b0C ~ +800\u00b0C)<\/td>\n<td class=\" translation-block\">0.001\u00b0C (-99.999\u00b0C ~ +99.999\u00b0C)<br>0.01\u00b0C (Others)<\/td>\n<\/tr>\n<tr>\n<td><strong>Accuracy<\/strong><\/td>\n<td>\u00b1(0,05%|t|+0,10) \u00b0C<\/td>\n<td>\u00b1(0,05%|t|+0,05) \u00b0C<\/td>\n<\/tr>\n<tr>\n<td><strong>Probe Type<\/strong><\/td>\n<td>Platinum Resistance PT100<\/td>\n<td>Platinum Resistance PT1000<\/td>\n<\/tr>\n<tr>\n<td><strong>Data Storage Capacity<\/strong><\/td>\n<td colspan=\"2\">20,000 recording data points +15M file storage<\/td>\n<\/tr>\n<tr>\n<td><strong>Recording Speed<\/strong><\/td>\n<td colspan=\"2\">1~86399 seconds adjustable, set the number of steps for 1 second<\/td>\n<\/tr>\n<tr>\n<td><strong>File Format<\/strong><\/td>\n<td colspan=\"2\">TXT, CSV, XLS, DLG<\/td>\n<\/tr>\n<tr>\n<td><strong>File Format<\/strong><\/td>\n<td colspan=\"2\">Windows XP\/Vista\/7\/8\/10<\/td>\n<\/tr>\n<tr>\n<td><strong>Sampling Rate<\/strong><\/td>\n<td colspan=\"2\">1\/second<\/td>\n<\/tr>\n<tr>\n<td><strong>Monitor<\/strong><\/td>\n<td colspan=\"2\">Dot matrix LCD display<\/td>\n<\/tr>\n<tr>\n<td><strong>Back Lighting<\/strong><\/td>\n<td colspan=\"2\">Beyaz LED<\/td>\n<\/tr>\n<tr>\n<td><strong>Operation Buttons<\/strong><\/td>\n<td colspan=\"2\">F1, Power (Backlight), F2, Probe Switch (Up), Unit Switch (Down), Hold (Left), Statistics (Right)<\/td>\n<\/tr>\n<tr>\n<td><strong>Operating Temperature<\/strong><\/td>\n<td colspan=\"2\">-10\u00b0C ~ +50\u00b0C (No condensation)<\/td>\n<\/tr>\n<tr>\n<td><strong>Storage Temperature<\/strong><\/td>\n<td colspan=\"2\">-20\u00b0C ~ +60\u00b0C (No battery)<\/td>\n<\/tr>\n<tr>\n<td><strong>Power Supply<\/strong><\/td>\n<td colspan=\"2\">3 X 1.5 V AAA batteries \/ 1.2 V rechargeable battery \/ 5 V USB<\/td>\n<\/tr>\n<tr>\n<td><strong>Battery Life<\/strong><\/td>\n<td colspan=\"2\">Approx. 120 hours (status: device running continuously, backlight off, battery capacity 1200 mAh, ambient temperature :25\u00b0C)<\/td>\n<\/tr>\n<tr>\n<td><strong>Protection Class<\/strong><\/td>\n<td colspan=\"2\">IP52<\/td>\n<\/tr>\n<tr>\n<td><strong>Dimensions<\/strong><\/td>\n<td colspan=\"2\">174mmX73mmX40mm<\/td>\n<\/tr>\n<tr>\n<td><strong>Weight<\/strong><\/td>\n<td colspan=\"2\">Approx. 210g (without battery)<\/td>\n<\/tr>\n<tr>\n<td><strong>Guarantee<\/strong><\/td>\n<td colspan=\"2\">1 y\u0131l<\/td>\n<\/tr>\n<\/tbody>\n<\/table>\n<\/div>\n<p>&nbsp;<\/p>","protected":false},"excerpt":{"rendered":"<p>\u00d6ZELL\u0130KLER \u2022 32-Bit Y\u00fcksek H\u0131zl\u0131 D\u00fc\u015f\u00fck G\u00fc\u00e7 \u0130\u015fleme Birimi \u2022 \u0130ki Diferansiyel Kanall\u0131 Giri\u015f \u00c7oklay\u0131c\u0131 \u2022 Bu Arada Desteklenen PT100<\/p>","protected":false},"featured_media":18689,"comment_status":"open","ping_status":"closed","template":"","meta":{"_monsterinsights_skip_tracking":false,"_monsterinsights_sitenote_active":false,"_monsterinsights_sitenote_note":"","_monsterinsights_sitenote_category":0},"product_cat":[384],"product_tag":[],"aioseo_notices":[],"jetpack_sharing_enabled":true,"_links":{"self":[{"href":"https:\/\/digitaltarget.com.tr\/en\/wp-json\/wp\/v2\/product\/18688"}],"collection":[{"href":"https:\/\/digitaltarget.com.tr\/en\/wp-json\/wp\/v2\/product"}],"about":[{"href":"https:\/\/digitaltarget.com.tr\/en\/wp-json\/wp\/v2\/types\/product"}],"replies":[{"embeddable":true,"href":"https:\/\/digitaltarget.com.tr\/en\/wp-json\/wp\/v2\/comments?post=18688"}],"version-history":[{"count":3,"href":"https:\/\/digitaltarget.com.tr\/en\/wp-json\/wp\/v2\/product\/18688\/revisions"}],"predecessor-version":[{"id":19059,"href":"https:\/\/digitaltarget.com.tr\/en\/wp-json\/wp\/v2\/product\/18688\/revisions\/19059"}],"wp:featuredmedia":[{"embeddable":true,"href":"https:\/\/digitaltarget.com.tr\/en\/wp-json\/wp\/v2\/media\/18689"}],"wp:attachment":[{"href":"https:\/\/digitaltarget.com.tr\/en\/wp-json\/wp\/v2\/media?parent=18688"}],"wp:term":[{"taxonomy":"product_cat","embeddable":true,"href":"https:\/\/digitaltarget.com.tr\/en\/wp-json\/wp\/v2\/product_cat?post=18688"},{"taxonomy":"product_tag","embeddable":true,"href":"https:\/\/digitaltarget.com.tr\/en\/wp-json\/wp\/v2\/product_tag?post=18688"}],"curies":[{"name":"wp","href":"https:\/\/api.w.org\/{rel}","templated":true}]}}