{"id":18695,"date":"2024-06-26T12:32:27","date_gmt":"2024-06-26T12:32:27","guid":{"rendered":"https:\/\/digitaltarget.com.tr\/?post_type=product&#038;p=18695"},"modified":"2024-08-01T12:18:05","modified_gmt":"2024-08-01T12:18:05","slug":"oil-free-diaphragm-lab-vacuum-pump-20l-m-pressure-adjustable-for-chromatograph","status":"publish","type":"product","link":"https:\/\/digitaltarget.com.tr\/en\/product\/oil-free-diaphragm-lab-vacuum-pump-20l-m-pressure-adjustable-for-chromatograph\/","title":{"rendered":"Oil Free Diaphragm Laboratory Vacuum Pump 20L\/m Pressure Adjustable for Chromatograph"},"content":{"rendered":"<h3><span class=\"a-text-bold\">Product Description<\/span><\/h3>\n<p>Diaphragm vacuum pump with advanced design, high working efficiency and long service life is a new generation of high-tech product. It is not only suitable for circulating water vacuum pump and rotary vane vacuum pump application, but also used in medical and pharmaceutical product analysis, fine chemical industry, biochemical pharmaceuticals, food inspection, crime investigation technology and other fields. It is a complementary product of precision chromatography instrument and also one of the necessary instruments in the laboratory.<\/p>\n<h2><span class=\"a-text-bold\">Use of products:<\/span><\/h2>\n<p class=\" translation-block\">The product can only be used for pumping air and a small amount of water vapor.<br>Corrosive liquid or granular material is not allowed to enter the pump. Oil contaminants or other liquids should be filtered first.<br>The working environment temperature should not exceed 55\u2103.<br>The product cannot be used at high altitude. Low pressure will affect the product at high altitude.<br>This product is a precision instrument and is prohibited to be dirty and damp.<br>No Pressure Start<\/p>\n<h3><span class=\"a-text-bold\">Technical Parameter<\/span><\/h3>\n<p class=\" translation-block\">Air pumping speed (L\/min) : 20<br>Pump Head: 1pc, negative pressure type<br>Ultimate Pressure: \u2265 0.08Mpa<br>Vacuum degree : 200mbar<br>Dimensions (L x W x H)\uff08\uff4d\uff4d\uff4d): 215\u00d7120\u00d7235<br>Maximum operating temperature\uff08\u2103\uff09 of pump body: &lt;55<br>Motor Power\uff08w\uff09: 160<br>Weight\uff08Kg\uff09: 9<br>Inlet (mm): \u03c66<br>Outlet (mm) :\u03c66<br>Diaphragm NBR<br>Valves NBR<br>Operating Temperature\uff08\u2103\uff09: 7-40<br>Noise Level (dB) &lt;60<br>Voltage Rating AC 220 V\/ 110 V, 50\/60 Hz<\/p>","protected":false},"excerpt":{"rendered":"<p>\u00dcr\u00fcn A\u00e7\u0131klamas\u0131 Geli\u015fmi\u015f tasar\u0131m, y\u00fcksek \u00e7al\u0131\u015fma verimlili\u011fi ve uzun hizmet \u00f6mr\u00fcne sahip diyafram vakum pompas\u0131, yeni nesil y\u00fcksek teknoloji \u00fcr\u00fcn\u00fcd\u00fcr.<\/p>","protected":false},"featured_media":18700,"comment_status":"open","ping_status":"closed","template":"","meta":{"_monsterinsights_skip_tracking":false,"_monsterinsights_sitenote_active":false,"_monsterinsights_sitenote_note":"","_monsterinsights_sitenote_category":0},"product_cat":[384],"product_tag":[],"aioseo_notices":[],"jetpack_sharing_enabled":true,"_links":{"self":[{"href":"https:\/\/digitaltarget.com.tr\/en\/wp-json\/wp\/v2\/product\/18695"}],"collection":[{"href":"https:\/\/digitaltarget.com.tr\/en\/wp-json\/wp\/v2\/product"}],"about":[{"href":"https:\/\/digitaltarget.com.tr\/en\/wp-json\/wp\/v2\/types\/product"}],"replies":[{"embeddable":true,"href":"https:\/\/digitaltarget.com.tr\/en\/wp-json\/wp\/v2\/comments?post=18695"}],"version-history":[{"count":3,"href":"https:\/\/digitaltarget.com.tr\/en\/wp-json\/wp\/v2\/product\/18695\/revisions"}],"predecessor-version":[{"id":19057,"href":"https:\/\/digitaltarget.com.tr\/en\/wp-json\/wp\/v2\/product\/18695\/revisions\/19057"}],"wp:featuredmedia":[{"embeddable":true,"href":"https:\/\/digitaltarget.com.tr\/en\/wp-json\/wp\/v2\/media\/18700"}],"wp:attachment":[{"href":"https:\/\/digitaltarget.com.tr\/en\/wp-json\/wp\/v2\/media?parent=18695"}],"wp:term":[{"taxonomy":"product_cat","embeddable":true,"href":"https:\/\/digitaltarget.com.tr\/en\/wp-json\/wp\/v2\/product_cat?post=18695"},{"taxonomy":"product_tag","embeddable":true,"href":"https:\/\/digitaltarget.com.tr\/en\/wp-json\/wp\/v2\/product_tag?post=18695"}],"curies":[{"name":"wp","href":"https:\/\/api.w.org\/{rel}","templated":true}]}}