{"id":18722,"date":"2024-06-30T05:16:20","date_gmt":"2024-06-30T05:16:20","guid":{"rendered":"https:\/\/digitaltarget.com.tr\/?post_type=product&#038;p=18722"},"modified":"2024-08-01T12:14:24","modified_gmt":"2024-08-01T12:14:24","slug":"500g-0-001g-high-precision-electronic-scale-es1017","status":"publish","type":"product","link":"https:\/\/digitaltarget.com.tr\/en\/product\/500g-0-001g-high-precision-electronic-scale-es1017\/","title":{"rendered":"500g\/0.001g High Precision Electronic Scale ES1017"},"content":{"rendered":"<h4>0.001g High Precision Electronic Balance Laboratory Analysis Balance LED Display Scale and PCS Function, Calibration Weight Platform Balance ES1017 (Size: 500g\/0.001g)<\/h4>\n<p><img fetchpriority=\"high\" decoding=\"async\" class=\"aligncenter wp-image-18719 size-full\" src=\"http:\/\/digitaltarget.com.tr\/wp-content\/uploads\/2024\/06\/Hd6f8060e590f45359b4d517d3e0dc67aX.webp\" alt=\"\" width=\"750\" height=\"904\" srcset=\"https:\/\/digitaltarget.com.tr\/wp-content\/uploads\/2024\/06\/Hd6f8060e590f45359b4d517d3e0dc67aX.webp 750w, https:\/\/digitaltarget.com.tr\/wp-content\/uploads\/2024\/06\/Hd6f8060e590f45359b4d517d3e0dc67aX-249x300.webp 249w, https:\/\/digitaltarget.com.tr\/wp-content\/uploads\/2024\/06\/Hd6f8060e590f45359b4d517d3e0dc67aX-664x800.webp 664w, https:\/\/digitaltarget.com.tr\/wp-content\/uploads\/2024\/06\/Hd6f8060e590f45359b4d517d3e0dc67aX-10x12.webp 10w, https:\/\/digitaltarget.com.tr\/wp-content\/uploads\/2024\/06\/Hd6f8060e590f45359b4d517d3e0dc67aX-430x518.webp 430w, https:\/\/digitaltarget.com.tr\/wp-content\/uploads\/2024\/06\/Hd6f8060e590f45359b4d517d3e0dc67aX-700x844.webp 700w, https:\/\/digitaltarget.com.tr\/wp-content\/uploads\/2024\/06\/Hd6f8060e590f45359b4d517d3e0dc67aX-150x181.webp 150w\" sizes=\"(max-width: 750px) 100vw, 750px\" \/> <img decoding=\"async\" class=\"aligncenter wp-image-18716 size-full\" src=\"http:\/\/digitaltarget.com.tr\/wp-content\/uploads\/2024\/06\/H6f00b8e99f8a4a3cb10642add378572ej.webp\" alt=\"\" width=\"750\" height=\"368\" srcset=\"https:\/\/digitaltarget.com.tr\/wp-content\/uploads\/2024\/06\/H6f00b8e99f8a4a3cb10642add378572ej.webp 750w, https:\/\/digitaltarget.com.tr\/wp-content\/uploads\/2024\/06\/H6f00b8e99f8a4a3cb10642add378572ej-400x196.webp 400w, https:\/\/digitaltarget.com.tr\/wp-content\/uploads\/2024\/06\/H6f00b8e99f8a4a3cb10642add378572ej-18x9.webp 18w, https:\/\/digitaltarget.com.tr\/wp-content\/uploads\/2024\/06\/H6f00b8e99f8a4a3cb10642add378572ej-430x211.webp 430w, https:\/\/digitaltarget.com.tr\/wp-content\/uploads\/2024\/06\/H6f00b8e99f8a4a3cb10642add378572ej-700x343.webp 700w, https:\/\/digitaltarget.com.tr\/wp-content\/uploads\/2024\/06\/H6f00b8e99f8a4a3cb10642add378572ej-150x74.webp 150w\" sizes=\"(max-width: 750px) 100vw, 750px\" \/> <img decoding=\"async\" class=\"aligncenter wp-image-18718 size-full\" src=\"http:\/\/digitaltarget.com.tr\/wp-content\/uploads\/2024\/06\/Hb1c8fcbded804e05a736980ce613cb8dz.webp\" alt=\"\" width=\"720\" height=\"460\" srcset=\"https:\/\/digitaltarget.com.tr\/wp-content\/uploads\/2024\/06\/Hb1c8fcbded804e05a736980ce613cb8dz.webp 720w, https:\/\/digitaltarget.com.tr\/wp-content\/uploads\/2024\/06\/Hb1c8fcbded804e05a736980ce613cb8dz-400x256.webp 400w, https:\/\/digitaltarget.com.tr\/wp-content\/uploads\/2024\/06\/Hb1c8fcbded804e05a736980ce613cb8dz-18x12.webp 18w, https:\/\/digitaltarget.com.tr\/wp-content\/uploads\/2024\/06\/Hb1c8fcbded804e05a736980ce613cb8dz-430x275.webp 430w, https:\/\/digitaltarget.com.tr\/wp-content\/uploads\/2024\/06\/Hb1c8fcbded804e05a736980ce613cb8dz-700x447.webp 700w, https:\/\/digitaltarget.com.tr\/wp-content\/uploads\/2024\/06\/Hb1c8fcbded804e05a736980ce613cb8dz-150x96.webp 150w\" sizes=\"(max-width: 720px) 100vw, 720px\" \/> <img loading=\"lazy\" decoding=\"async\" class=\"aligncenter wp-image-18717 size-full\" src=\"http:\/\/digitaltarget.com.tr\/wp-content\/uploads\/2024\/06\/H228af3ca132c40bea678335be4868e7df.webp\" alt=\"\" width=\"750\" height=\"1216\" srcset=\"https:\/\/digitaltarget.com.tr\/wp-content\/uploads\/2024\/06\/H228af3ca132c40bea678335be4868e7df.webp 750w, https:\/\/digitaltarget.com.tr\/wp-content\/uploads\/2024\/06\/H228af3ca132c40bea678335be4868e7df-185x300.webp 185w, https:\/\/digitaltarget.com.tr\/wp-content\/uploads\/2024\/06\/H228af3ca132c40bea678335be4868e7df-493x800.webp 493w, https:\/\/digitaltarget.com.tr\/wp-content\/uploads\/2024\/06\/H228af3ca132c40bea678335be4868e7df-7x12.webp 7w, https:\/\/digitaltarget.com.tr\/wp-content\/uploads\/2024\/06\/H228af3ca132c40bea678335be4868e7df-430x697.webp 430w, https:\/\/digitaltarget.com.tr\/wp-content\/uploads\/2024\/06\/H228af3ca132c40bea678335be4868e7df-700x1135.webp 700w, https:\/\/digitaltarget.com.tr\/wp-content\/uploads\/2024\/06\/H228af3ca132c40bea678335be4868e7df-150x243.webp 150w\" sizes=\"(max-width: 750px) 100vw, 750px\" \/> <img loading=\"lazy\" decoding=\"async\" class=\"aligncenter wp-image-18720 size-full\" src=\"http:\/\/digitaltarget.com.tr\/wp-content\/uploads\/2024\/06\/Hf0da829473254e5da9dfe11871953b197.webp\" alt=\"\" width=\"750\" height=\"1224\" srcset=\"https:\/\/digitaltarget.com.tr\/wp-content\/uploads\/2024\/06\/Hf0da829473254e5da9dfe11871953b197.webp 750w, https:\/\/digitaltarget.com.tr\/wp-content\/uploads\/2024\/06\/Hf0da829473254e5da9dfe11871953b197-184x300.webp 184w, https:\/\/digitaltarget.com.tr\/wp-content\/uploads\/2024\/06\/Hf0da829473254e5da9dfe11871953b197-490x800.webp 490w, https:\/\/digitaltarget.com.tr\/wp-content\/uploads\/2024\/06\/Hf0da829473254e5da9dfe11871953b197-7x12.webp 7w, https:\/\/digitaltarget.com.tr\/wp-content\/uploads\/2024\/06\/Hf0da829473254e5da9dfe11871953b197-430x702.webp 430w, https:\/\/digitaltarget.com.tr\/wp-content\/uploads\/2024\/06\/Hf0da829473254e5da9dfe11871953b197-700x1142.webp 700w, https:\/\/digitaltarget.com.tr\/wp-content\/uploads\/2024\/06\/Hf0da829473254e5da9dfe11871953b197-150x245.webp 150w\" sizes=\"(max-width: 750px) 100vw, 750px\" \/><\/p>\n<h4><\/h4>","protected":false},"excerpt":{"rendered":"<p>0.001g Y\u00fcksek Hassasiyetli Elektronik Terazi Laboratuvar Analiz Terazisi LED Ekranl\u0131 Tara ve PCS Fonksiyonu, Kalibrasyon A\u011f\u0131rl\u0131k Platform Terazisi ES1017 (Boyut:<\/p>","protected":false},"featured_media":18723,"comment_status":"open","ping_status":"closed","template":"","meta":{"_monsterinsights_skip_tracking":false,"_monsterinsights_sitenote_active":false,"_monsterinsights_sitenote_note":"","_monsterinsights_sitenote_category":0},"product_cat":[384],"product_tag":[],"aioseo_notices":[],"jetpack_sharing_enabled":true,"_links":{"self":[{"href":"https:\/\/digitaltarget.com.tr\/en\/wp-json\/wp\/v2\/product\/18722"}],"collection":[{"href":"https:\/\/digitaltarget.com.tr\/en\/wp-json\/wp\/v2\/product"}],"about":[{"href":"https:\/\/digitaltarget.com.tr\/en\/wp-json\/wp\/v2\/types\/product"}],"replies":[{"embeddable":true,"href":"https:\/\/digitaltarget.com.tr\/en\/wp-json\/wp\/v2\/comments?post=18722"}],"version-history":[{"count":2,"href":"https:\/\/digitaltarget.com.tr\/en\/wp-json\/wp\/v2\/product\/18722\/revisions"}],"predecessor-version":[{"id":19054,"href":"https:\/\/digitaltarget.com.tr\/en\/wp-json\/wp\/v2\/product\/18722\/revisions\/19054"}],"wp:featuredmedia":[{"embeddable":true,"href":"https:\/\/digitaltarget.com.tr\/en\/wp-json\/wp\/v2\/media\/18723"}],"wp:attachment":[{"href":"https:\/\/digitaltarget.com.tr\/en\/wp-json\/wp\/v2\/media?parent=18722"}],"wp:term":[{"taxonomy":"product_cat","embeddable":true,"href":"https:\/\/digitaltarget.com.tr\/en\/wp-json\/wp\/v2\/product_cat?post=18722"},{"taxonomy":"product_tag","embeddable":true,"href":"https:\/\/digitaltarget.com.tr\/en\/wp-json\/wp\/v2\/product_tag?post=18722"}],"curies":[{"name":"wp","href":"https:\/\/api.w.org\/{rel}","templated":true}]}}