{"id":18735,"date":"2024-07-01T06:01:42","date_gmt":"2024-07-01T06:01:42","guid":{"rendered":"https:\/\/digitaltarget.com.tr\/?post_type=product&#038;p=18735"},"modified":"2025-01-27T13:52:31","modified_gmt":"2025-01-27T13:52:31","slug":"baby-ratel-2-caddx-fpv-nano-size-starlight-low-latency-day-and-night-freestyle-fpv-camera","status":"publish","type":"product","link":"https:\/\/digitaltarget.com.tr\/en\/product\/baby-ratel-2-caddx-fpv-nano-size-starlight-low-latency-day-and-night-freestyle-fpv-camera\/","title":{"rendered":"Baby Ratel 2 Caddx FPV nano size starlight low latency day and night freestyle FPV camera"},"content":{"rendered":"<h2>PRODUCT FEATURES<\/h2>\n<ul>\n<li>Model:BABY RATEL 2<\/li>\n<li>Sensor: 1\/1.8\u2033 Inch Starlight Sensor<\/li>\n<li>Resolution 1200TVL<\/li>\n<li>angle of view 165\u00b0<\/li>\n<li>Lens: 1.8mm lens<\/li>\n<li>TV System: NTSC and PAL (Switchable)<\/li>\n<li>Image: 4:3 and 16:9 (Switchable)<\/li>\n<li>WDR: Super WDR<\/li>\n<li>DNR: 3DNR<\/li>\n<li>Min. illumination: 0.0001LUX<\/li>\n<li>Video output: CVBS<\/li>\n<li>Day\/night: Auto\/Color\/Black and White\/EXT<\/li>\n<li>Dil: (\u0130NG\u0130L\u0130ZCE\/Chinese\/Traditional Chinese\/\u0440\u0443\u0441\u0441\u043a\u0438\u0439 \/ESPA\u00d1OL\/ITALIANO\/FRANCAIS\/POLSKIM\/PORTUGUES\/Japanese)<\/li>\n<li>Shutter speed PAL:1\/50~100,000;NTSC:1\/60~100,000<\/li>\n<li>Wide Power Input: 5-40V<\/li>\n<li>Operating temperature: -20\u00b0C~+60\u00b0C<\/li>\n<li>Weight: 3g(KB), 41g(GW)<\/li>\n<li>Size: 14*14*20,5 mm<\/li>\n<\/ul>\n<h2>PACKING LIST:<\/h2>\n<ul>\n<li>Camera \u00d71<\/li>\n<li>Screw package x1<\/li>\n<li>Menu Card x1<\/li>\n<li>2pin Silicone Cable x1<\/li>\n<li>3Pin silicone cable \u00d71<\/li>\n<li>14mm-19mm Bracket \u00d71<\/li>\n<li>1.5 mm Allen Key \u00d71<\/li>\n<li>Warranty Card \u00d71<\/li>\n<li><del><img fetchpriority=\"high\" decoding=\"async\" class=\"aligncenter wp-image-18739 size-full\" src=\"http:\/\/digitaltarget.com.tr\/wp-content\/uploads\/2024\/07\/IMG_0826-scaled.webp\" alt=\"\" width=\"1301\" height=\"2560\" srcset=\"https:\/\/digitaltarget.com.tr\/wp-content\/uploads\/2024\/07\/IMG_0826-scaled.webp 1301w, https:\/\/digitaltarget.com.tr\/wp-content\/uploads\/2024\/07\/IMG_0826-153x300.webp 153w, https:\/\/digitaltarget.com.tr\/wp-content\/uploads\/2024\/07\/IMG_0826-407x800.webp 407w, https:\/\/digitaltarget.com.tr\/wp-content\/uploads\/2024\/07\/IMG_0826-768x1511.webp 768w, https:\/\/digitaltarget.com.tr\/wp-content\/uploads\/2024\/07\/IMG_0826-781x1536.webp 781w, https:\/\/digitaltarget.com.tr\/wp-content\/uploads\/2024\/07\/IMG_0826-1041x2048.webp 1041w, https:\/\/digitaltarget.com.tr\/wp-content\/uploads\/2024\/07\/IMG_0826-6x12.webp 6w, https:\/\/digitaltarget.com.tr\/wp-content\/uploads\/2024\/07\/IMG_0826-860x1692.webp 860w, https:\/\/digitaltarget.com.tr\/wp-content\/uploads\/2024\/07\/IMG_0826-1320x2597.webp 1320w, https:\/\/digitaltarget.com.tr\/wp-content\/uploads\/2024\/07\/IMG_0826-430x846.webp 430w, https:\/\/digitaltarget.com.tr\/wp-content\/uploads\/2024\/07\/IMG_0826-700x1377.webp 700w, https:\/\/digitaltarget.com.tr\/wp-content\/uploads\/2024\/07\/IMG_0826-150x295.webp 150w\" sizes=\"(max-width: 1301px) 100vw, 1301px\" \/> <img decoding=\"async\" class=\"aligncenter wp-image-18740 size-full\" src=\"http:\/\/digitaltarget.com.tr\/wp-content\/uploads\/2024\/07\/IMG_0827-scaled.webp\" alt=\"\" width=\"1261\" height=\"2560\" srcset=\"https:\/\/digitaltarget.com.tr\/wp-content\/uploads\/2024\/07\/IMG_0827-scaled.webp 1261w, https:\/\/digitaltarget.com.tr\/wp-content\/uploads\/2024\/07\/IMG_0827-148x300.webp 148w, https:\/\/digitaltarget.com.tr\/wp-content\/uploads\/2024\/07\/IMG_0827-394x800.webp 394w, https:\/\/digitaltarget.com.tr\/wp-content\/uploads\/2024\/07\/IMG_0827-768x1559.webp 768w, https:\/\/digitaltarget.com.tr\/wp-content\/uploads\/2024\/07\/IMG_0827-757x1536.webp 757w, https:\/\/digitaltarget.com.tr\/wp-content\/uploads\/2024\/07\/IMG_0827-1009x2048.webp 1009w, https:\/\/digitaltarget.com.tr\/wp-content\/uploads\/2024\/07\/IMG_0827-6x12.webp 6w, https:\/\/digitaltarget.com.tr\/wp-content\/uploads\/2024\/07\/IMG_0827-860x1746.webp 860w, https:\/\/digitaltarget.com.tr\/wp-content\/uploads\/2024\/07\/IMG_0827-1320x2679.webp 1320w, https:\/\/digitaltarget.com.tr\/wp-content\/uploads\/2024\/07\/IMG_0827-430x873.webp 430w, https:\/\/digitaltarget.com.tr\/wp-content\/uploads\/2024\/07\/IMG_0827-700x1421.webp 700w, https:\/\/digitaltarget.com.tr\/wp-content\/uploads\/2024\/07\/IMG_0827-150x304.webp 150w\" sizes=\"(max-width: 1261px) 100vw, 1261px\" \/> <img decoding=\"async\" class=\"aligncenter wp-image-18741 size-full\" src=\"http:\/\/digitaltarget.com.tr\/wp-content\/uploads\/2024\/07\/IMG_0829-scaled.webp\" alt=\"\" width=\"1651\" height=\"2560\" srcset=\"https:\/\/digitaltarget.com.tr\/wp-content\/uploads\/2024\/07\/IMG_0829-scaled.webp 1651w, https:\/\/digitaltarget.com.tr\/wp-content\/uploads\/2024\/07\/IMG_0829-193x300.webp 193w, https:\/\/digitaltarget.com.tr\/wp-content\/uploads\/2024\/07\/IMG_0829-516x800.webp 516w, https:\/\/digitaltarget.com.tr\/wp-content\/uploads\/2024\/07\/IMG_0829-768x1191.webp 768w, https:\/\/digitaltarget.com.tr\/wp-content\/uploads\/2024\/07\/IMG_0829-990x1536.webp 990w, https:\/\/digitaltarget.com.tr\/wp-content\/uploads\/2024\/07\/IMG_0829-1320x2047.webp 1320w, https:\/\/digitaltarget.com.tr\/wp-content\/uploads\/2024\/07\/IMG_0829-8x12.webp 8w, https:\/\/digitaltarget.com.tr\/wp-content\/uploads\/2024\/07\/IMG_0829-860x1334.webp 860w, https:\/\/digitaltarget.com.tr\/wp-content\/uploads\/2024\/07\/IMG_0829-430x667.webp 430w, https:\/\/digitaltarget.com.tr\/wp-content\/uploads\/2024\/07\/IMG_0829-700x1086.webp 700w, https:\/\/digitaltarget.com.tr\/wp-content\/uploads\/2024\/07\/IMG_0829-150x233.webp 150w\" sizes=\"(max-width: 1651px) 100vw, 1651px\" \/> <img loading=\"lazy\" decoding=\"async\" class=\"aligncenter wp-image-18742 size-full\" src=\"http:\/\/digitaltarget.com.tr\/wp-content\/uploads\/2024\/07\/IMG_0830-scaled.webp\" alt=\"\" width=\"1836\" height=\"2560\" srcset=\"https:\/\/digitaltarget.com.tr\/wp-content\/uploads\/2024\/07\/IMG_0830-scaled.webp 1836w, https:\/\/digitaltarget.com.tr\/wp-content\/uploads\/2024\/07\/IMG_0830-215x300.webp 215w, https:\/\/digitaltarget.com.tr\/wp-content\/uploads\/2024\/07\/IMG_0830-574x800.webp 574w, https:\/\/digitaltarget.com.tr\/wp-content\/uploads\/2024\/07\/IMG_0830-768x1071.webp 768w, https:\/\/digitaltarget.com.tr\/wp-content\/uploads\/2024\/07\/IMG_0830-1102x1536.webp 1102w, https:\/\/digitaltarget.com.tr\/wp-content\/uploads\/2024\/07\/IMG_0830-1469x2048.webp 1469w, https:\/\/digitaltarget.com.tr\/wp-content\/uploads\/2024\/07\/IMG_0830-9x12.webp 9w, https:\/\/digitaltarget.com.tr\/wp-content\/uploads\/2024\/07\/IMG_0830-860x1199.webp 860w, https:\/\/digitaltarget.com.tr\/wp-content\/uploads\/2024\/07\/IMG_0830-1320x1840.webp 1320w, https:\/\/digitaltarget.com.tr\/wp-content\/uploads\/2024\/07\/IMG_0830-430x600.webp 430w, https:\/\/digitaltarget.com.tr\/wp-content\/uploads\/2024\/07\/IMG_0830-700x976.webp 700w, https:\/\/digitaltarget.com.tr\/wp-content\/uploads\/2024\/07\/IMG_0830-150x209.webp 150w\" sizes=\"(max-width: 1836px) 100vw, 1836px\" \/> <img loading=\"lazy\" decoding=\"async\" class=\"aligncenter wp-image-18743 size-full\" src=\"http:\/\/digitaltarget.com.tr\/wp-content\/uploads\/2024\/07\/IMG_0832-scaled.webp\" alt=\"\" width=\"1597\" height=\"2560\" srcset=\"https:\/\/digitaltarget.com.tr\/wp-content\/uploads\/2024\/07\/IMG_0832-scaled.webp 1597w, https:\/\/digitaltarget.com.tr\/wp-content\/uploads\/2024\/07\/IMG_0832-187x300.webp 187w, https:\/\/digitaltarget.com.tr\/wp-content\/uploads\/2024\/07\/IMG_0832-499x800.webp 499w, https:\/\/digitaltarget.com.tr\/wp-content\/uploads\/2024\/07\/IMG_0832-768x1231.webp 768w, https:\/\/digitaltarget.com.tr\/wp-content\/uploads\/2024\/07\/IMG_0832-958x1536.webp 958w, https:\/\/digitaltarget.com.tr\/wp-content\/uploads\/2024\/07\/IMG_0832-1278x2048.webp 1278w, https:\/\/digitaltarget.com.tr\/wp-content\/uploads\/2024\/07\/IMG_0832-7x12.webp 7w, https:\/\/digitaltarget.com.tr\/wp-content\/uploads\/2024\/07\/IMG_0832-860x1379.webp 860w, https:\/\/digitaltarget.com.tr\/wp-content\/uploads\/2024\/07\/IMG_0832-1320x2116.webp 1320w, https:\/\/digitaltarget.com.tr\/wp-content\/uploads\/2024\/07\/IMG_0832-430x689.webp 430w, https:\/\/digitaltarget.com.tr\/wp-content\/uploads\/2024\/07\/IMG_0832-700x1122.webp 700w, https:\/\/digitaltarget.com.tr\/wp-content\/uploads\/2024\/07\/IMG_0832-150x240.webp 150w\" sizes=\"(max-width: 1597px) 100vw, 1597px\" \/><\/del><\/li>\n<\/ul>","protected":false},"excerpt":{"rendered":"<p>\u00dcR\u00dcN \u00d6ZELL\u0130KLER\u0130 Modeli: BEBEK ORANI 2 Sens\u00f6r: 1\/1,8&#8243; \u0130n\u00e7 Y\u0131ld\u0131z I\u015f\u0131\u011f\u0131 Sens\u00f6r\u00fc \u00c7\u00f6z\u00fcn\u00fcrl\u00fck: 1200TVL g\u00f6r\u00fc\u015f a\u00e7\u0131s\u0131: 165\u00b0 Lens: 1,8 mm<\/p>","protected":false},"featured_media":18736,"comment_status":"open","ping_status":"closed","template":"","meta":{"_monsterinsights_skip_tracking":false,"_monsterinsights_sitenote_active":false,"_monsterinsights_sitenote_note":"","_monsterinsights_sitenote_category":0},"product_cat":[308],"product_tag":[],"aioseo_notices":[],"jetpack_sharing_enabled":true,"_links":{"self":[{"href":"https:\/\/digitaltarget.com.tr\/en\/wp-json\/wp\/v2\/product\/18735"}],"collection":[{"href":"https:\/\/digitaltarget.com.tr\/en\/wp-json\/wp\/v2\/product"}],"about":[{"href":"https:\/\/digitaltarget.com.tr\/en\/wp-json\/wp\/v2\/types\/product"}],"replies":[{"embeddable":true,"href":"https:\/\/digitaltarget.com.tr\/en\/wp-json\/wp\/v2\/comments?post=18735"}],"version-history":[{"count":3,"href":"https:\/\/digitaltarget.com.tr\/en\/wp-json\/wp\/v2\/product\/18735\/revisions"}],"predecessor-version":[{"id":18858,"href":"https:\/\/digitaltarget.com.tr\/en\/wp-json\/wp\/v2\/product\/18735\/revisions\/18858"}],"wp:featuredmedia":[{"embeddable":true,"href":"https:\/\/digitaltarget.com.tr\/en\/wp-json\/wp\/v2\/media\/18736"}],"wp:attachment":[{"href":"https:\/\/digitaltarget.com.tr\/en\/wp-json\/wp\/v2\/media?parent=18735"}],"wp:term":[{"taxonomy":"product_cat","embeddable":true,"href":"https:\/\/digitaltarget.com.tr\/en\/wp-json\/wp\/v2\/product_cat?post=18735"},{"taxonomy":"product_tag","embeddable":true,"href":"https:\/\/digitaltarget.com.tr\/en\/wp-json\/wp\/v2\/product_tag?post=18735"}],"curies":[{"name":"wp","href":"https:\/\/api.w.org\/{rel}","templated":true}]}}