{"id":18767,"date":"2024-07-09T09:26:31","date_gmt":"2024-07-09T09:26:31","guid":{"rendered":"https:\/\/digitaltarget.com.tr\/?post_type=product&#038;p=18767"},"modified":"2024-08-01T12:11:20","modified_gmt":"2024-08-01T12:11:20","slug":"hqprop-9x4x3-9040-9-inch-three-blade-propeller-2cw2ccw","status":"publish","type":"product","link":"https:\/\/digitaltarget.com.tr\/en\/product\/hqprop-9x4x3-9040-9-inch-three-blade-propeller-2cw2ccw\/","title":{"rendered":"HQProp 9X4X3 9040 9-inch three-blade propeller 2CW+2CCW"},"content":{"rendered":"<h3 align=\"start\"><strong>\u00d6zellikler\uff1a<\/strong><\/h3>\n<ul>\n<li>\n<p align=\"start\">HQ Prop 9X4X3 (CCW CW)<\/p>\n<\/li>\n<li>\n<p align=\"start\">Propeller Diameter: 9 inch<\/p>\n<\/li>\n<li>\n<p align=\"start\">Step: 4<\/p>\n<\/li>\n<li>\n<p align=\"start\">Wings 3<\/p>\n<\/li>\n<li>\n<p align=\"start\">Material: Glass Fiber Reinforced Nylon<\/p>\n<\/li>\n<li>\n<p align=\"start\">Weight: 18.5 g\/piece<\/p>\n<\/li>\n<li>\n<p align=\"start\">Hub Diameter: 17.4 mm<\/p>\n<\/li>\n<li>\n<p align=\"start\">Hub Thickness: 10mm<\/p>\n<\/li>\n<li>\n<p align=\"start\">Shaft: 5mm<\/p>\n<\/li>\n<li>\n<p align=\"start\">Adapter Rings: None<\/p>\n<\/li>\n<\/ul>\n<h3><strong>Package Content:<\/strong><\/h3>\n<ul>\n<li>\n<p align=\"start\">2 x HQ 9X4X3 Propeller CW<\/p>\n<\/li>\n<li>\n<p align=\"start\">2 x HQ 9X4X3 Propeller CCW<\/p>\n<\/li>\n<\/ul>","protected":false},"excerpt":{"rendered":"<p>\u00d6zellikler\uff1a HQ Prop 9X4X3 (CCW CW) Pervane \u00c7ap\u0131: 9 in\u00e7 Ad\u0131m: 4 Kanatlar: 3 Malzeme: Cam Elyaf Takviyeli Naylon A\u011f\u0131rl\u0131k:<\/p>","protected":false},"featured_media":18768,"comment_status":"open","ping_status":"closed","template":"","meta":{"_monsterinsights_skip_tracking":false,"_monsterinsights_sitenote_active":false,"_monsterinsights_sitenote_note":"","_monsterinsights_sitenote_category":0},"product_cat":[350],"product_tag":[],"aioseo_notices":[],"jetpack_sharing_enabled":true,"_links":{"self":[{"href":"https:\/\/digitaltarget.com.tr\/en\/wp-json\/wp\/v2\/product\/18767"}],"collection":[{"href":"https:\/\/digitaltarget.com.tr\/en\/wp-json\/wp\/v2\/product"}],"about":[{"href":"https:\/\/digitaltarget.com.tr\/en\/wp-json\/wp\/v2\/types\/product"}],"replies":[{"embeddable":true,"href":"https:\/\/digitaltarget.com.tr\/en\/wp-json\/wp\/v2\/comments?post=18767"}],"version-history":[{"count":3,"href":"https:\/\/digitaltarget.com.tr\/en\/wp-json\/wp\/v2\/product\/18767\/revisions"}],"predecessor-version":[{"id":19051,"href":"https:\/\/digitaltarget.com.tr\/en\/wp-json\/wp\/v2\/product\/18767\/revisions\/19051"}],"wp:featuredmedia":[{"embeddable":true,"href":"https:\/\/digitaltarget.com.tr\/en\/wp-json\/wp\/v2\/media\/18768"}],"wp:attachment":[{"href":"https:\/\/digitaltarget.com.tr\/en\/wp-json\/wp\/v2\/media?parent=18767"}],"wp:term":[{"taxonomy":"product_cat","embeddable":true,"href":"https:\/\/digitaltarget.com.tr\/en\/wp-json\/wp\/v2\/product_cat?post=18767"},{"taxonomy":"product_tag","embeddable":true,"href":"https:\/\/digitaltarget.com.tr\/en\/wp-json\/wp\/v2\/product_tag?post=18767"}],"curies":[{"name":"wp","href":"https:\/\/api.w.org\/{rel}","templated":true}]}}