{"id":18774,"date":"2024-07-09T10:18:44","date_gmt":"2024-07-09T10:18:44","guid":{"rendered":"https:\/\/digitaltarget.com.tr\/?post_type=product&#038;p=18774"},"modified":"2024-08-01T11:58:04","modified_gmt":"2024-08-01T11:58:04","slug":"brotherhobby-avenger-2810-motor-1180-kv","status":"publish","type":"product","link":"https:\/\/digitaltarget.com.tr\/en\/product\/brotherhobby-avenger-2810-motor-1180-kv\/","title":{"rendered":"BrotherHobby Avenger 2810 Motor 1180 KV"},"content":{"rendered":"<h3 class=\"title\"><strong>Technical Specifications<\/strong><\/h3>\n<ul>\n<li><strong>KV:<\/strong> 1180KV<\/li>\n<li class=\" translation-block\"><strong>Base Case:<\/strong> Al 7075<\/li>\n<li class=\" translation-block\"><strong>Stator:<\/strong> 0.2mm Kawasaki silicon steel<\/li>\n<li class=\" translation-block\"><strong>Structure:<\/strong> 12N14P<\/li>\n<li class=\" translation-block\"><strong>Propeller Adapter Shaft Thread:<\/strong> M5<\/li>\n<li class=\" translation-block\"><strong>Shaft:<\/strong> Titanium Alloy hollow shaft<\/li>\n<li class=\" translation-block\"><strong>Cell Number (Lipo):<\/strong> 4-6S<\/li>\n<li class=\" translation-block\"><strong>Design life:<\/strong> M3 (19X19mm)<\/li>\n<li class=\" translation-block\"><strong>Bearings:<\/strong> Japanese NMB 12X6X4<\/li>\n<li class=\" translation-block\"><strong>Rotor:<\/strong> N52H springs<\/li>\n<li class=\" translation-block\"><strong>Weight:<\/strong> 65g, with 25cm SR cables<\/li>\n<li class=\" translation-block\"><strong>Cable AWG:<\/strong> 18AWG, 25cm length<\/li>\n<li class=\" translation-block\"><strong>Cymbal Cover:<\/strong> Al 7075<\/li>\n<\/ul>\n<p><img fetchpriority=\"high\" decoding=\"async\" class=\"aligncenter wp-image-18775 size-full\" src=\"http:\/\/digitaltarget.com.tr\/wp-content\/uploads\/2024\/07\/48a073e146.webp\" alt=\"\" width=\"1200\" height=\"2382\" srcset=\"https:\/\/digitaltarget.com.tr\/wp-content\/uploads\/2024\/07\/48a073e146.webp 1200w, https:\/\/digitaltarget.com.tr\/wp-content\/uploads\/2024\/07\/48a073e146-151x300.webp 151w, https:\/\/digitaltarget.com.tr\/wp-content\/uploads\/2024\/07\/48a073e146-403x800.webp 403w, https:\/\/digitaltarget.com.tr\/wp-content\/uploads\/2024\/07\/48a073e146-768x1524.webp 768w, https:\/\/digitaltarget.com.tr\/wp-content\/uploads\/2024\/07\/48a073e146-774x1536.webp 774w, https:\/\/digitaltarget.com.tr\/wp-content\/uploads\/2024\/07\/48a073e146-1032x2048.webp 1032w, https:\/\/digitaltarget.com.tr\/wp-content\/uploads\/2024\/07\/48a073e146-6x12.webp 6w, https:\/\/digitaltarget.com.tr\/wp-content\/uploads\/2024\/07\/48a073e146-860x1707.webp 860w, https:\/\/digitaltarget.com.tr\/wp-content\/uploads\/2024\/07\/48a073e146-430x854.webp 430w, https:\/\/digitaltarget.com.tr\/wp-content\/uploads\/2024\/07\/48a073e146-700x1390.webp 700w, https:\/\/digitaltarget.com.tr\/wp-content\/uploads\/2024\/07\/48a073e146-150x298.webp 150w\" sizes=\"(max-width: 1200px) 100vw, 1200px\" \/><br \/>\n<img decoding=\"async\" class=\"aligncenter wp-image-18778 size-full\" src=\"http:\/\/digitaltarget.com.tr\/wp-content\/uploads\/2024\/07\/462c3bc1bc.png\" alt=\"\" width=\"1036\" height=\"1200\" srcset=\"https:\/\/digitaltarget.com.tr\/wp-content\/uploads\/2024\/07\/462c3bc1bc.png 1036w, https:\/\/digitaltarget.com.tr\/wp-content\/uploads\/2024\/07\/462c3bc1bc-259x300.png 259w, https:\/\/digitaltarget.com.tr\/wp-content\/uploads\/2024\/07\/462c3bc1bc-691x800.png 691w, https:\/\/digitaltarget.com.tr\/wp-content\/uploads\/2024\/07\/462c3bc1bc-768x890.png 768w, https:\/\/digitaltarget.com.tr\/wp-content\/uploads\/2024\/07\/462c3bc1bc-10x12.png 10w, https:\/\/digitaltarget.com.tr\/wp-content\/uploads\/2024\/07\/462c3bc1bc-860x996.png 860w, https:\/\/digitaltarget.com.tr\/wp-content\/uploads\/2024\/07\/462c3bc1bc-430x498.png 430w, https:\/\/digitaltarget.com.tr\/wp-content\/uploads\/2024\/07\/462c3bc1bc-700x811.png 700w, https:\/\/digitaltarget.com.tr\/wp-content\/uploads\/2024\/07\/462c3bc1bc-150x174.png 150w\" sizes=\"(max-width: 1036px) 100vw, 1036px\" \/><\/p>","protected":false},"excerpt":{"rendered":"<p>Teknik \u00d6zellikler KV: 1180KV Temel Kasa: Al 7075 Stator: 0.2mm Kawasaki silikon \u00e7elik Yap\u0131: 12N14P Pervane Adapt\u00f6r\u00fc Mil Di\u015fi: M5<\/p>","protected":false},"featured_media":18776,"comment_status":"open","ping_status":"closed","template":"","meta":{"_monsterinsights_skip_tracking":false,"_monsterinsights_sitenote_active":false,"_monsterinsights_sitenote_note":"","_monsterinsights_sitenote_category":0},"product_cat":[383],"product_tag":[],"aioseo_notices":[],"jetpack_sharing_enabled":true,"_links":{"self":[{"href":"https:\/\/digitaltarget.com.tr\/en\/wp-json\/wp\/v2\/product\/18774"}],"collection":[{"href":"https:\/\/digitaltarget.com.tr\/en\/wp-json\/wp\/v2\/product"}],"about":[{"href":"https:\/\/digitaltarget.com.tr\/en\/wp-json\/wp\/v2\/types\/product"}],"replies":[{"embeddable":true,"href":"https:\/\/digitaltarget.com.tr\/en\/wp-json\/wp\/v2\/comments?post=18774"}],"version-history":[{"count":2,"href":"https:\/\/digitaltarget.com.tr\/en\/wp-json\/wp\/v2\/product\/18774\/revisions"}],"predecessor-version":[{"id":19047,"href":"https:\/\/digitaltarget.com.tr\/en\/wp-json\/wp\/v2\/product\/18774\/revisions\/19047"}],"wp:featuredmedia":[{"embeddable":true,"href":"https:\/\/digitaltarget.com.tr\/en\/wp-json\/wp\/v2\/media\/18776"}],"wp:attachment":[{"href":"https:\/\/digitaltarget.com.tr\/en\/wp-json\/wp\/v2\/media?parent=18774"}],"wp:term":[{"taxonomy":"product_cat","embeddable":true,"href":"https:\/\/digitaltarget.com.tr\/en\/wp-json\/wp\/v2\/product_cat?post=18774"},{"taxonomy":"product_tag","embeddable":true,"href":"https:\/\/digitaltarget.com.tr\/en\/wp-json\/wp\/v2\/product_tag?post=18774"}],"curies":[{"name":"wp","href":"https:\/\/api.w.org\/{rel}","templated":true}]}}